{"id":819,"date":"2024-04-23T11:16:47","date_gmt":"2024-04-23T11:16:47","guid":{"rendered":"https:\/\/digital-social-entrepreneurs.eu\/?page_id=819"},"modified":"2024-04-23T11:18:05","modified_gmt":"2024-04-23T11:18:05","slug":"surdurulebilirlik-ve-cevresel-etki-icin-dijital-sosyal-girisimcilik-potansiyelinden-yararlanma","status":"publish","type":"page","link":"https:\/\/digital-social-entrepreneurs.eu\/index.php\/tr\/surdurulebilirlik-ve-cevresel-etki-icin-dijital-sosyal-girisimcilik-potansiyelinden-yararlanma\/","title":{"rendered":"S\u00fcrd\u00fcr\u00fclebilirlik ve \u00c7evresel Etki i\u00e7in Dijital Sosyal Giri\u015fimcilik Potansiyelinden Yararlanma"},"content":{"rendered":"\t\t<div data-elementor-type=\"wp-page\" data-elementor-id=\"819\" class=\"elementor elementor-819\" data-elementor-settings=\"{&quot;ha_cmc_init_switcher&quot;:&quot;no&quot;}\">\n\t\t\t\t\t\t<section class=\"elementor-section elementor-top-section elementor-element elementor-element-5c5b50d elementor-section-boxed elementor-section-height-default elementor-section-height-default\" data-id=\"5c5b50d\" data-element_type=\"section\" data-e-type=\"section\" data-settings=\"{&quot;background_background&quot;:&quot;classic&quot;,&quot;shape_divider_bottom&quot;:&quot;mountains&quot;,&quot;_ha_eqh_enable&quot;:false}\">\n\t\t\t\t\t\t\t<div class=\"elementor-background-overlay\"><\/div>\n\t\t\t\t\t\t<div class=\"elementor-shape elementor-shape-bottom\" aria-hidden=\"true\" data-negative=\"false\">\n\t\t\t<svg xmlns=\"http:\/\/www.w3.org\/2000\/svg\" viewBox=\"0 0 1000 100\" preserveAspectRatio=\"none\">\n\t<path class=\"elementor-shape-fill\" opacity=\"0.33\" d=\"M473,67.3c-203.9,88.3-263.1-34-320.3,0C66,119.1,0,59.7,0,59.7V0h1000v59.7 c0,0-62.1,26.1-94.9,29.3c-32.8,3.3-62.8-12.3-75.8-22.1C806,49.6,745.3,8.7,694.9,4.7S492.4,59,473,67.3z\"\/>\n\t<path class=\"elementor-shape-fill\" opacity=\"0.66\" d=\"M734,67.3c-45.5,0-77.2-23.2-129.1-39.1c-28.6-8.7-150.3-10.1-254,39.1 s-91.7-34.4-149.2,0C115.7,118.3,0,39.8,0,39.8V0h1000v36.5c0,0-28.2-18.5-92.1-18.5C810.2,18.1,775.7,67.3,734,67.3z\"\/>\n\t<path class=\"elementor-shape-fill\" d=\"M766.1,28.9c-200-57.5-266,65.5-395.1,19.5C242,1.8,242,5.4,184.8,20.6C128,35.8,132.3,44.9,89.9,52.5C28.6,63.7,0,0,0,0 h1000c0,0-9.9,40.9-83.6,48.1S829.6,47,766.1,28.9z\"\/>\n<\/svg>\t\t<\/div>\n\t\t\t\t\t<div class=\"elementor-container elementor-column-gap-default\">\n\t\t\t\t\t<div class=\"elementor-column elementor-col-100 elementor-top-column elementor-element elementor-element-c7869a7\" data-id=\"c7869a7\" data-element_type=\"column\" data-e-type=\"column\">\n\t\t\t<div class=\"elementor-widget-wrap elementor-element-populated\">\n\t\t\t\t\t\t<div class=\"elementor-element elementor-element-1f27090 elementor-widget elementor-widget-spacer\" data-id=\"1f27090\" data-element_type=\"widget\" data-e-type=\"widget\" data-widget_type=\"spacer.default\">\n\t\t\t\t<div class=\"elementor-widget-container\">\n\t\t\t\t\t\t\t<div class=\"elementor-spacer\">\n\t\t\t<div class=\"elementor-spacer-inner\"><\/div>\n\t\t<\/div>\n\t\t\t\t\t\t<\/div>\n\t\t\t\t<\/div>\n\t\t\t\t<div class=\"elementor-element elementor-element-b1b084d elementor-widget elementor-widget-heading\" data-id=\"b1b084d\" data-element_type=\"widget\" data-e-type=\"widget\" data-widget_type=\"heading.default\">\n\t\t\t\t<div class=\"elementor-widget-container\">\n\t\t\t\t\t<h2 class=\"elementor-heading-title elementor-size-default\">S\u00fcrd\u00fcr\u00fclebilirlik ve \u00c7evresel Etki i\u00e7in Dijital Sosyal Giri\u015fimcilik Potansiyelinden Yararlanma <\/h2>\t\t\t\t<\/div>\n\t\t\t\t<\/div>\n\t\t\t\t<div class=\"elementor-element elementor-element-f02110b elementor-widget-divider--view-line elementor-widget elementor-widget-divider\" data-id=\"f02110b\" data-element_type=\"widget\" data-e-type=\"widget\" data-widget_type=\"divider.default\">\n\t\t\t\t<div class=\"elementor-widget-container\">\n\t\t\t\t\t\t\t<div class=\"elementor-divider\">\n\t\t\t<span class=\"elementor-divider-separator\">\n\t\t\t\t\t\t<\/span>\n\t\t<\/div>\n\t\t\t\t\t\t<\/div>\n\t\t\t\t<\/div>\n\t\t\t\t<div class=\"elementor-element elementor-element-891ec19 elementor-widget elementor-widget-spacer\" data-id=\"891ec19\" data-element_type=\"widget\" data-e-type=\"widget\" data-widget_type=\"spacer.default\">\n\t\t\t\t<div class=\"elementor-widget-container\">\n\t\t\t\t\t\t\t<div class=\"elementor-spacer\">\n\t\t\t<div class=\"elementor-spacer-inner\"><\/div>\n\t\t<\/div>\n\t\t\t\t\t\t<\/div>\n\t\t\t\t<\/div>\n\t\t\t\t\t<\/div>\n\t\t<\/div>\n\t\t\t\t\t<\/div>\n\t\t<\/section>\n\t\t\t\t<section class=\"elementor-section elementor-top-section elementor-element elementor-element-e30010c elementor-section-boxed elementor-section-height-default elementor-section-height-default\" data-id=\"e30010c\" data-element_type=\"section\" data-e-type=\"section\" data-settings=\"{&quot;_ha_eqh_enable&quot;:false}\">\n\t\t\t\t\t\t<div class=\"elementor-container elementor-column-gap-default\">\n\t\t\t\t\t<div class=\"elementor-column elementor-col-100 elementor-top-column elementor-element elementor-element-02989ce\" data-id=\"02989ce\" data-element_type=\"column\" data-e-type=\"column\">\n\t\t\t<div class=\"elementor-widget-wrap elementor-element-populated\">\n\t\t\t\t\t\t<div class=\"elementor-element elementor-element-4a67d15 elementor-widget elementor-widget-spacer\" data-id=\"4a67d15\" data-element_type=\"widget\" data-e-type=\"widget\" data-widget_type=\"spacer.default\">\n\t\t\t\t<div class=\"elementor-widget-container\">\n\t\t\t\t\t\t\t<div class=\"elementor-spacer\">\n\t\t\t<div class=\"elementor-spacer-inner\"><\/div>\n\t\t<\/div>\n\t\t\t\t\t\t<\/div>\n\t\t\t\t<\/div>\n\t\t\t\t<div class=\"elementor-element elementor-element-ad4c6bc elementor-widget elementor-widget-text-editor\" data-id=\"ad4c6bc\" data-element_type=\"widget\" data-e-type=\"widget\" data-widget_type=\"text-editor.default\">\n\t\t\t\t<div class=\"elementor-widget-container\">\n\t\t\t\t\t\t\t\t\t<p>Dijital sosyal giri\u015fimcilik, d\u00fcnya \u00e7ap\u0131nda bir\u00e7ok \u00fclke i\u00e7in \u00f6nemli bir odak alan\u0131 haline gelmi\u015ftir. Sosyal giri\u015fimcilik ve dijital giri\u015fimcilik becerilerinin bir araya getirilmesi, g\u00fcn\u00fcm\u00fcz\u00fcn son derece rekabet\u00e7i ve h\u0131zla de\u011fi\u015fen dijital d\u00fcnyas\u0131nda bir gereklilik olarak g\u00f6r\u00fclmektedir. DISYOU (Dijital Sosyal Giri\u015fimciler) projesi, daha fazla genci gerekli dijital becerilerle donatarak sosyal giri\u015fimcilik alan\u0131na \u00e7ekmeyi ama\u00e7layan bir giri\u015fimdir. Projenin ama\u00e7lar\u0131ndan biri de dijital sosyal giri\u015fimcilik becerileri e\u011fitimi i\u00e7in e\u011fitim i\u00e7eri\u011finin haz\u0131rlanmas\u0131, dijital sosyal giri\u015fimcilik \u00fczerine kapsaml\u0131 bir e\u011fitim kursu ve gen\u00e7 dijital sosyal giri\u015fimcileri desteklemek i\u00e7in \u00e7evrimi\u00e7i bir \u00f6\u011frenme ortam\u0131 olu\u015fturulmas\u0131 gibi \u00e7e\u015fitli faaliyetleri bulunmaktad\u0131r. Ayr\u0131ca proje kapsam\u0131nda y\u00fcz y\u00fcze ve sanal proje toplant\u0131lar\u0131 d\u00fczenlenecek, proje sonu\u00e7lar\u0131n\u0131n payla\u015f\u0131lmas\u0131 ve daha geni\u015f kitlelere ula\u015fmas\u0131 i\u00e7in faaliyetler y\u00fcr\u00fct\u00fclm\u00fc\u015ft\u00fcr. Ayr\u0131ca, projenin kaliteli ve sa\u011fl\u0131kl\u0131 bir \u015fekilde y\u00f6netilmesi sa\u011flanam\u0131\u015ft\u0131r. Proje ayn\u0131 zamanda T\u00fcrkiye&#8217;den Uluslararas\u0131 Dijital Giri\u015fimcilik Derne\u011fi (UDGD) ve AtlasCo Akademi, Yunanistan&#8217;dan Innovation Hive ve Estonya&#8217;dan AS BCS KOOLITUS&#8217;un da aralar\u0131nda bulundu\u011fu \u00e7e\u015fitli kurulu\u015flar aras\u0131nda bir i\u015f birli\u011fi \u00e7abas\u0131d\u0131r. \u0130lk olarak online, daha sonra ise y\u00fcz y\u00fcze Kick-Off toplant\u0131s\u0131 ger\u00e7ekle\u015ftirildi ve \u015fu anda ortaklar\u0131n dijital giri\u015fimcilik \u00fczerine geli\u015ftirdi\u011fi 10 mod\u00fcl\u00fc uyguluyor. Projenin amac\u0131, sosyal giri\u015fimcili\u011fin getirdi\u011fi zorluklar\u0131 y\u00f6netmek ve hayatta kalmak i\u00e7in gereken bilgi ve becerileri sa\u011flayarak gen\u00e7leri dijital sosyal giri\u015fimci olmaya te\u015fvik etmektir. Gen\u00e7ler, yeni giri\u015fimlere uyum sa\u011flama ve bunlar\u0131 deneme yetene\u011fine sahip olmakla birlikte, sosyal giri\u015fimcili\u011fin karma\u015f\u0131kl\u0131\u011f\u0131 i\u00e7inde yollar\u0131n\u0131 bulabilmeleri i\u00e7in gerekli ara\u00e7larla da donat\u0131lmalar\u0131 gerekmektedir Dijital sosyal giri\u015fimciler Avrupa&#8217;n\u0131n gelece\u011fi i\u00e7in \u00f6nemlidir. B\u00f6ylece, olumlu sosyal etki yaratmak i\u00e7in teknoloji ve dijital ara\u00e7lar\u0131 kullanarak sosyal sorunlar\u0131 yenilik\u00e7i yollarla ele alabilmelerine olanak sa\u011flanacakt\u0131r. Bu giri\u015fimciler, sosyal sorunlara s\u00fcrd\u00fcr\u00fclebilir \u00e7\u00f6z\u00fcmler \u00fcretme hususunda bilin\u00e7lendirme faaliyetlerini kapsamaktad\u0131r. DISYOU projesi, Avrupa&#8217;da dijital sosyal giri\u015fimcili\u011fi te\u015fvik etmek i\u00e7in do\u011fru y\u00f6nde at\u0131lm\u0131\u015f bir ad\u0131md\u0131r. Gen\u00e7lere ba\u015far\u0131l\u0131 dijital sosyal giri\u015fimciler olmak i\u00e7in ihtiya\u00e7 duyduklar\u0131 bilgi ve becerileri sa\u011flayan bu proje, toplum \u00fczerinde olumlu bir etki yaratabilecek donan\u0131ma sahip, sosyal sorumluluk sahibi yeni nesil giri\u015fimcilerin geli\u015fimine katk\u0131da bulunmaktad\u0131r. Sonu\u00e7 olarak, giderek dijitalle\u015fen bir d\u00fcnyada sosyal sorumluluk sahibi giri\u015fimcilere duyulan ihtiya\u00e7 hi\u00e7 bu kadar ihtiya\u00e7 olmam\u0131\u015ft\u0131. DISYOU projesi, dijital sosyal giri\u015fimcili\u011fin Avrupa&#8217;daki gen\u00e7ler aras\u0131nda nas\u0131l te\u015fvik edilebilece\u011finin parlak bir \u00f6rne\u011fidir. Gen\u00e7leri sosyal giri\u015fimcili\u011fin karma\u015f\u0131k y\u00f6nlerini y\u00f6netmek ve y\u00f6nlendirmek i\u00e7in gereken bilgi ve becerilerle donatan proje, herkes i\u00e7in daha parlak bir gelece\u011fin yolunu a\u00e7\u0131yor.<\/p>\t\t\t\t\t\t\t\t<\/div>\n\t\t\t\t<\/div>\n\t\t\t\t<div class=\"elementor-element elementor-element-5eef237 elementor-widget elementor-widget-spacer\" data-id=\"5eef237\" data-element_type=\"widget\" data-e-type=\"widget\" data-widget_type=\"spacer.default\">\n\t\t\t\t<div class=\"elementor-widget-container\">\n\t\t\t\t\t\t\t<div class=\"elementor-spacer\">\n\t\t\t<div class=\"elementor-spacer-inner\"><\/div>\n\t\t<\/div>\n\t\t\t\t\t\t<\/div>\n\t\t\t\t<\/div>\n\t\t\t\t\t<\/div>\n\t\t<\/div>\n\t\t\t\t\t<\/div>\n\t\t<\/section>\n\t\t\t\t<section class=\"elementor-section elementor-top-section elementor-element elementor-element-b99d76c elementor-section-boxed elementor-section-height-default elementor-section-height-default\" data-id=\"b99d76c\" data-element_type=\"section\" data-e-type=\"section\" data-settings=\"{&quot;_ha_eqh_enable&quot;:false}\">\n\t\t\t\t\t\t<div class=\"elementor-container elementor-column-gap-default\">\n\t\t\t\t\t<div class=\"elementor-column elementor-col-33 elementor-top-column elementor-element elementor-element-73ea029\" data-id=\"73ea029\" data-element_type=\"column\" data-e-type=\"column\">\n\t\t\t<div class=\"elementor-widget-wrap elementor-element-populated\">\n\t\t\t\t\t\t<div class=\"elementor-element elementor-element-da751c2 elementor-widget elementor-widget-spacer\" data-id=\"da751c2\" data-element_type=\"widget\" data-e-type=\"widget\" data-widget_type=\"spacer.default\">\n\t\t\t\t<div class=\"elementor-widget-container\">\n\t\t\t\t\t\t\t<div class=\"elementor-spacer\">\n\t\t\t<div class=\"elementor-spacer-inner\"><\/div>\n\t\t<\/div>\n\t\t\t\t\t\t<\/div>\n\t\t\t\t<\/div>\n\t\t\t\t<div class=\"elementor-element elementor-element-77523db elementor-widget elementor-widget-image\" data-id=\"77523db\" data-element_type=\"widget\" data-e-type=\"widget\" data-widget_type=\"image.default\">\n\t\t\t\t<div class=\"elementor-widget-container\">\n\t\t\t\t\t\t\t\t\t\t\t\t\t\t\t<img decoding=\"async\" width=\"300\" height=\"63\" src=\"https:\/\/digital-social-entrepreneurs.eu\/wp-content\/uploads\/2022\/12\/EN_Co-funded_by_the_EU-300x63.png\" class=\"attachment-medium size-medium wp-image-385\" alt=\"\" srcset=\"https:\/\/digital-social-entrepreneurs.eu\/wp-content\/uploads\/2022\/12\/EN_Co-funded_by_the_EU-300x63.png 300w, https:\/\/digital-social-entrepreneurs.eu\/wp-content\/uploads\/2022\/12\/EN_Co-funded_by_the_EU-768x161.png 768w, https:\/\/digital-social-entrepreneurs.eu\/wp-content\/uploads\/2022\/12\/EN_Co-funded_by_the_EU-720x151.png 720w, https:\/\/digital-social-entrepreneurs.eu\/wp-content\/uploads\/2022\/12\/EN_Co-funded_by_the_EU.png 1024w\" sizes=\"(max-width: 300px) 100vw, 300px\" \/>\t\t\t\t\t\t\t\t\t\t\t\t\t\t\t<\/div>\n\t\t\t\t<\/div>\n\t\t\t\t<div class=\"elementor-element elementor-element-9372bd8 elementor-widget elementor-widget-text-editor\" data-id=\"9372bd8\" data-element_type=\"widget\" data-e-type=\"widget\" data-widget_type=\"text-editor.default\">\n\t\t\t\t<div class=\"elementor-widget-container\">\n\t\t\t\t\t\t\t\t\t<p>Avrupa Birli\u011fi taraf\u0131ndan finanse edilmektedir. Ancak ifade edilen g\u00f6r\u00fc\u015f ve d\u00fc\u015f\u00fcnceler sadece yazar(lar)a aittir ve Avrupa Birli\u011fi veya Avrupa E\u011fitim ve K\u00fclt\u00fcr Y\u00fcr\u00fctme Ajans\u0131&#8217;n\u0131n (EACEA) g\u00f6r\u00fc\u015flerini yans\u0131tmak zorunda de\u011fildir. Ne Avrupa Birli\u011fi ne de EACEA bunlardan sorumlu tutulamaz. 2021-1-TR01-KA210-YOU-000027475<\/p>\t\t\t\t\t\t\t\t<\/div>\n\t\t\t\t<\/div>\n\t\t\t\t\t<\/div>\n\t\t<\/div>\n\t\t\t\t<div class=\"elementor-column elementor-col-33 elementor-top-column elementor-element elementor-element-cc2b38d\" data-id=\"cc2b38d\" data-element_type=\"column\" data-e-type=\"column\">\n\t\t\t<div class=\"elementor-widget-wrap\">\n\t\t\t\t\t\t\t<\/div>\n\t\t<\/div>\n\t\t\t\t<div class=\"elementor-column elementor-col-33 elementor-top-column elementor-element elementor-element-a7ee157\" data-id=\"a7ee157\" data-element_type=\"column\" data-e-type=\"column\">\n\t\t\t<div class=\"elementor-widget-wrap elementor-element-populated\">\n\t\t\t\t\t\t<div class=\"elementor-element elementor-element-f7c2353 elementor-widget elementor-widget-spacer\" data-id=\"f7c2353\" data-element_type=\"widget\" data-e-type=\"widget\" data-widget_type=\"spacer.default\">\n\t\t\t\t<div class=\"elementor-widget-container\">\n\t\t\t\t\t\t\t<div class=\"elementor-spacer\">\n\t\t\t<div class=\"elementor-spacer-inner\"><\/div>\n\t\t<\/div>\n\t\t\t\t\t\t<\/div>\n\t\t\t\t<\/div>\n\t\t\t\t<div class=\"elementor-element elementor-element-a85357f elementor-widget elementor-widget-image\" data-id=\"a85357f\" data-element_type=\"widget\" data-e-type=\"widget\" data-widget_type=\"image.default\">\n\t\t\t\t<div class=\"elementor-widget-container\">\n\t\t\t\t\t\t\t\t\t\t\t\t\t\t\t<img decoding=\"async\" width=\"94\" height=\"107\" src=\"https:\/\/digital-social-entrepreneurs.eu\/wp-content\/uploads\/2022\/10\/cropped-2.png\" class=\"attachment-thumbnail size-thumbnail wp-image-50\" alt=\"\" \/>\t\t\t\t\t\t\t\t\t\t\t\t\t\t\t<\/div>\n\t\t\t\t<\/div>\n\t\t\t\t<div class=\"elementor-element elementor-element-99e49f8 elementor-widget elementor-widget-text-editor\" data-id=\"99e49f8\" data-element_type=\"widget\" data-e-type=\"widget\" data-widget_type=\"text-editor.default\">\n\t\t\t\t<div class=\"elementor-widget-container\">\n\t\t\t\t\t\t\t\t\t<a style=\"color: black;\" href=\"https:\/\/digital-social-entrepreneurs.eu\/index.php\/terms-of-use\/\" target=\"_blank\" rel=\"noopener\">Terms of Use<\/a>\t\t\t\t\t\t\t\t<\/div>\n\t\t\t\t<\/div>\n\t\t\t\t<div class=\"elementor-element elementor-element-276f2e2 elementor-shape-circle e-grid-align-right elementor-grid-0 elementor-widget elementor-widget-social-icons\" data-id=\"276f2e2\" data-element_type=\"widget\" data-e-type=\"widget\" data-widget_type=\"social-icons.default\">\n\t\t\t\t<div class=\"elementor-widget-container\">\n\t\t\t\t\t\t\t<div class=\"elementor-social-icons-wrapper elementor-grid\" role=\"list\">\n\t\t\t\t\t\t\t<span class=\"elementor-grid-item\" role=\"listitem\">\n\t\t\t\t\t<a class=\"elementor-icon elementor-social-icon elementor-social-icon-instagram elementor-repeater-item-1e07695\" href=\"https:\/\/www.instagram.com\/disyou.eu\/\" target=\"_blank\">\n\t\t\t\t\t\t<span class=\"elementor-screen-only\">Instagram<\/span>\n\t\t\t\t\t\t<i aria-hidden=\"true\" class=\"fab fa-instagram\"><\/i>\t\t\t\t\t<\/a>\n\t\t\t\t<\/span>\n\t\t\t\t\t\t\t<span class=\"elementor-grid-item\" role=\"listitem\">\n\t\t\t\t\t<a class=\"elementor-icon elementor-social-icon elementor-social-icon-twitter elementor-repeater-item-c5a4a61\" href=\"https:\/\/twitter.com\/DisyouEU\" target=\"_blank\">\n\t\t\t\t\t\t<span class=\"elementor-screen-only\">Twitter<\/span>\n\t\t\t\t\t\t<i aria-hidden=\"true\" class=\"fab fa-twitter\"><\/i>\t\t\t\t\t<\/a>\n\t\t\t\t<\/span>\n\t\t\t\t\t<\/div>\n\t\t\t\t\t\t<\/div>\n\t\t\t\t<\/div>\n\t\t\t\t\t<\/div>\n\t\t<\/div>\n\t\t\t\t\t<\/div>\n\t\t<\/section>\n\t\t\t\t<section class=\"elementor-section elementor-top-section elementor-element elementor-element-9fa1b0f elementor-section-boxed elementor-section-height-default elementor-section-height-default\" data-id=\"9fa1b0f\" data-element_type=\"section\" data-e-type=\"section\" data-settings=\"{&quot;_ha_eqh_enable&quot;:false}\">\n\t\t\t\t\t\t<div class=\"elementor-container elementor-column-gap-default\">\n\t\t\t\t\t<div class=\"elementor-column elementor-col-100 elementor-top-column elementor-element elementor-element-467879b\" data-id=\"467879b\" data-element_type=\"column\" data-e-type=\"column\">\n\t\t\t<div class=\"elementor-widget-wrap elementor-element-populated\">\n\t\t\t\t\t\t<div class=\"elementor-element elementor-element-ccebd82 elementor-widget-divider--view-line elementor-widget elementor-widget-divider\" data-id=\"ccebd82\" data-element_type=\"widget\" data-e-type=\"widget\" data-widget_type=\"divider.default\">\n\t\t\t\t<div class=\"elementor-widget-container\">\n\t\t\t\t\t\t\t<div class=\"elementor-divider\">\n\t\t\t<span class=\"elementor-divider-separator\">\n\t\t\t\t\t\t<\/span>\n\t\t<\/div>\n\t\t\t\t\t\t<\/div>\n\t\t\t\t<\/div>\n\t\t\t\t\t<\/div>\n\t\t<\/div>\n\t\t\t\t\t<\/div>\n\t\t<\/section>\n\t\t\t\t<section class=\"elementor-section elementor-top-section elementor-element elementor-element-2780700 elementor-section-boxed elementor-section-height-default elementor-section-height-default\" data-id=\"2780700\" data-element_type=\"section\" data-e-type=\"section\" data-settings=\"{&quot;_ha_eqh_enable&quot;:false}\">\n\t\t\t\t\t\t<div class=\"elementor-container elementor-column-gap-default\">\n\t\t\t\t\t<div class=\"elementor-column elementor-col-33 elementor-top-column elementor-element elementor-element-ed94de4\" data-id=\"ed94de4\" data-element_type=\"column\" data-e-type=\"column\">\n\t\t\t<div class=\"elementor-widget-wrap elementor-element-populated\">\n\t\t\t\t\t\t<div class=\"elementor-element elementor-element-1e0fbfa elementor-widget elementor-widget-heading\" data-id=\"1e0fbfa\" data-element_type=\"widget\" data-e-type=\"widget\" data-widget_type=\"heading.default\">\n\t\t\t\t<div class=\"elementor-widget-container\">\n\t\t\t\t\t<h2 class=\"elementor-heading-title elementor-size-default\">Copyright \u00a9 2022 Digital Social Entrepreneurs. All Rights Reserved<\/h2>\t\t\t\t<\/div>\n\t\t\t\t<\/div>\n\t\t\t\t\t<\/div>\n\t\t<\/div>\n\t\t\t\t<div class=\"elementor-column elementor-col-33 elementor-top-column elementor-element elementor-element-12fd89c\" data-id=\"12fd89c\" data-element_type=\"column\" data-e-type=\"column\">\n\t\t\t<div class=\"elementor-widget-wrap\">\n\t\t\t\t\t\t\t<\/div>\n\t\t<\/div>\n\t\t\t\t<div class=\"elementor-column elementor-col-33 elementor-top-column elementor-element elementor-element-ed2461c\" data-id=\"ed2461c\" data-element_type=\"column\" data-e-type=\"column\">\n\t\t\t<div class=\"elementor-widget-wrap elementor-element-populated\">\n\t\t\t\t\t\t<div class=\"elementor-element elementor-element-cea06e6 elementor-widget elementor-widget-text-editor\" data-id=\"cea06e6\" data-element_type=\"widget\" data-e-type=\"widget\" data-widget_type=\"text-editor.default\">\n\t\t\t\t<div class=\"elementor-widget-container\">\n\t\t\t\t\t\t\t\t\t<span style=\"color: #797979; text-align: left;\">Powered by\u00a0<\/span><a style=\"color: #797979; text-align: right;\" href=\"https:\/\/innovationhive.eu\/\" target=\"_blank\" rel=\"noopener\">Innovation Hive<\/a>\t\t\t\t\t\t\t\t<\/div>\n\t\t\t\t<\/div>\n\t\t\t\t\t<\/div>\n\t\t<\/div>\n\t\t\t\t\t<\/div>\n\t\t<\/section>\n\t\t\t\t<\/div>\n\t\t","protected":false},"excerpt":{"rendered":"<p>S\u00fcrd\u00fcr\u00fclebilirlik ve \u00c7evresel Etki i\u00e7in Dijital Sosyal Giri\u015fimcilik Potansiyelinden Yararlanma Dijital sosyal giri\u015fimcilik, d\u00fcnya \u00e7ap\u0131nda bir\u00e7ok \u00fclke i\u00e7in \u00f6nemli bir [&hellip;]<\/p>\n","protected":false},"author":1,"featured_media":0,"parent":0,"menu_order":0,"comment_status":"closed","ping_status":"closed","template":"page-templates\/template_page-builder.php","meta":{"_monsterinsights_skip_tracking":false,"_monsterinsights_sitenote_active":false,"_monsterinsights_sitenote_note":"","_monsterinsights_sitenote_category":0,"footnotes":""},"class_list":["post-819","page","type-page","status-publish","hentry"],"aioseo_notices":[],"_links":{"self":[{"href":"https:\/\/digital-social-entrepreneurs.eu\/index.php\/wp-json\/wp\/v2\/pages\/819","targetHints":{"allow":["GET"]}}],"collection":[{"href":"https:\/\/digital-social-entrepreneurs.eu\/index.php\/wp-json\/wp\/v2\/pages"}],"about":[{"href":"https:\/\/digital-social-entrepreneurs.eu\/index.php\/wp-json\/wp\/v2\/types\/page"}],"author":[{"embeddable":true,"href":"https:\/\/digital-social-entrepreneurs.eu\/index.php\/wp-json\/wp\/v2\/users\/1"}],"replies":[{"embeddable":true,"href":"https:\/\/digital-social-entrepreneurs.eu\/index.php\/wp-json\/wp\/v2\/comments?post=819"}],"version-history":[{"count":7,"href":"https:\/\/digital-social-entrepreneurs.eu\/index.php\/wp-json\/wp\/v2\/pages\/819\/revisions"}],"predecessor-version":[{"id":826,"href":"https:\/\/digital-social-entrepreneurs.eu\/index.php\/wp-json\/wp\/v2\/pages\/819\/revisions\/826"}],"wp:attachment":[{"href":"https:\/\/digital-social-entrepreneurs.eu\/index.php\/wp-json\/wp\/v2\/media?parent=819"}],"curies":[{"name":"wp","href":"https:\/\/api.w.org\/{rel}","templated":true}]}}