{"id":833,"date":"2024-04-23T11:20:14","date_gmt":"2024-04-23T11:20:14","guid":{"rendered":"https:\/\/digital-social-entrepreneurs.eu\/?page_id=833"},"modified":"2024-04-23T11:21:11","modified_gmt":"2024-04-23T11:21:11","slug":"iyilik-icin-teknoloji-dijital-ve-sosyal-girisimciler-topluluklari-nasil-donusturuyor","status":"publish","type":"page","link":"https:\/\/digital-social-entrepreneurs.eu\/index.php\/tr\/iyilik-icin-teknoloji-dijital-ve-sosyal-girisimciler-topluluklari-nasil-donusturuyor\/","title":{"rendered":"\u0130yilik i\u00e7in Teknoloji: Dijital ve Sosyal Giri\u015fimciler Topluluklar\u0131 Nas\u0131l D\u00f6n\u00fc\u015ft\u00fcr\u00fcyor?"},"content":{"rendered":"\t\t<div data-elementor-type=\"wp-page\" data-elementor-id=\"833\" class=\"elementor elementor-833\" data-elementor-settings=\"{&quot;ha_cmc_init_switcher&quot;:&quot;no&quot;}\">\n\t\t\t\t\t\t<section class=\"elementor-section elementor-top-section elementor-element elementor-element-ab44514 elementor-section-boxed elementor-section-height-default elementor-section-height-default\" data-id=\"ab44514\" data-element_type=\"section\" data-e-type=\"section\" data-settings=\"{&quot;background_background&quot;:&quot;classic&quot;,&quot;shape_divider_bottom&quot;:&quot;mountains&quot;,&quot;_ha_eqh_enable&quot;:false}\">\n\t\t\t\t\t\t\t<div class=\"elementor-background-overlay\"><\/div>\n\t\t\t\t\t\t<div class=\"elementor-shape elementor-shape-bottom\" aria-hidden=\"true\" data-negative=\"false\">\n\t\t\t<svg xmlns=\"http:\/\/www.w3.org\/2000\/svg\" viewBox=\"0 0 1000 100\" preserveAspectRatio=\"none\">\n\t<path class=\"elementor-shape-fill\" opacity=\"0.33\" d=\"M473,67.3c-203.9,88.3-263.1-34-320.3,0C66,119.1,0,59.7,0,59.7V0h1000v59.7 c0,0-62.1,26.1-94.9,29.3c-32.8,3.3-62.8-12.3-75.8-22.1C806,49.6,745.3,8.7,694.9,4.7S492.4,59,473,67.3z\"\/>\n\t<path class=\"elementor-shape-fill\" opacity=\"0.66\" d=\"M734,67.3c-45.5,0-77.2-23.2-129.1-39.1c-28.6-8.7-150.3-10.1-254,39.1 s-91.7-34.4-149.2,0C115.7,118.3,0,39.8,0,39.8V0h1000v36.5c0,0-28.2-18.5-92.1-18.5C810.2,18.1,775.7,67.3,734,67.3z\"\/>\n\t<path class=\"elementor-shape-fill\" d=\"M766.1,28.9c-200-57.5-266,65.5-395.1,19.5C242,1.8,242,5.4,184.8,20.6C128,35.8,132.3,44.9,89.9,52.5C28.6,63.7,0,0,0,0 h1000c0,0-9.9,40.9-83.6,48.1S829.6,47,766.1,28.9z\"\/>\n<\/svg>\t\t<\/div>\n\t\t\t\t\t<div class=\"elementor-container elementor-column-gap-default\">\n\t\t\t\t\t<div class=\"elementor-column elementor-col-100 elementor-top-column elementor-element elementor-element-77ff988\" data-id=\"77ff988\" data-element_type=\"column\" data-e-type=\"column\">\n\t\t\t<div class=\"elementor-widget-wrap elementor-element-populated\">\n\t\t\t\t\t\t<div class=\"elementor-element elementor-element-351ad3d elementor-widget elementor-widget-spacer\" data-id=\"351ad3d\" data-element_type=\"widget\" data-e-type=\"widget\" data-widget_type=\"spacer.default\">\n\t\t\t\t<div class=\"elementor-widget-container\">\n\t\t\t\t\t\t\t<div class=\"elementor-spacer\">\n\t\t\t<div class=\"elementor-spacer-inner\"><\/div>\n\t\t<\/div>\n\t\t\t\t\t\t<\/div>\n\t\t\t\t<\/div>\n\t\t\t\t<div class=\"elementor-element elementor-element-2d57c0d elementor-widget elementor-widget-heading\" data-id=\"2d57c0d\" data-element_type=\"widget\" data-e-type=\"widget\" data-widget_type=\"heading.default\">\n\t\t\t\t<div class=\"elementor-widget-container\">\n\t\t\t\t\t<h2 class=\"elementor-heading-title elementor-size-default\">\u0130yilik i\u00e7in Teknoloji: Dijital ve Sosyal Giri\u015fimciler Topluluklar\u0131 Nas\u0131l D\u00f6n\u00fc\u015ft\u00fcr\u00fcyor?<\/h2>\t\t\t\t<\/div>\n\t\t\t\t<\/div>\n\t\t\t\t<div class=\"elementor-element elementor-element-ec72b1e elementor-widget-divider--view-line elementor-widget elementor-widget-divider\" data-id=\"ec72b1e\" data-element_type=\"widget\" data-e-type=\"widget\" data-widget_type=\"divider.default\">\n\t\t\t\t<div class=\"elementor-widget-container\">\n\t\t\t\t\t\t\t<div class=\"elementor-divider\">\n\t\t\t<span class=\"elementor-divider-separator\">\n\t\t\t\t\t\t<\/span>\n\t\t<\/div>\n\t\t\t\t\t\t<\/div>\n\t\t\t\t<\/div>\n\t\t\t\t<div class=\"elementor-element elementor-element-de63243 elementor-widget elementor-widget-spacer\" data-id=\"de63243\" data-element_type=\"widget\" data-e-type=\"widget\" data-widget_type=\"spacer.default\">\n\t\t\t\t<div class=\"elementor-widget-container\">\n\t\t\t\t\t\t\t<div class=\"elementor-spacer\">\n\t\t\t<div class=\"elementor-spacer-inner\"><\/div>\n\t\t<\/div>\n\t\t\t\t\t\t<\/div>\n\t\t\t\t<\/div>\n\t\t\t\t\t<\/div>\n\t\t<\/div>\n\t\t\t\t\t<\/div>\n\t\t<\/section>\n\t\t\t\t<section class=\"elementor-section elementor-top-section elementor-element elementor-element-307b88e elementor-section-boxed elementor-section-height-default elementor-section-height-default\" data-id=\"307b88e\" data-element_type=\"section\" data-e-type=\"section\" data-settings=\"{&quot;_ha_eqh_enable&quot;:false}\">\n\t\t\t\t\t\t<div class=\"elementor-container elementor-column-gap-default\">\n\t\t\t\t\t<div class=\"elementor-column elementor-col-100 elementor-top-column elementor-element elementor-element-cf955e5\" data-id=\"cf955e5\" data-element_type=\"column\" data-e-type=\"column\">\n\t\t\t<div class=\"elementor-widget-wrap elementor-element-populated\">\n\t\t\t\t\t\t<div class=\"elementor-element elementor-element-c177e27 elementor-widget elementor-widget-spacer\" data-id=\"c177e27\" data-element_type=\"widget\" data-e-type=\"widget\" data-widget_type=\"spacer.default\">\n\t\t\t\t<div class=\"elementor-widget-container\">\n\t\t\t\t\t\t\t<div class=\"elementor-spacer\">\n\t\t\t<div class=\"elementor-spacer-inner\"><\/div>\n\t\t<\/div>\n\t\t\t\t\t\t<\/div>\n\t\t\t\t<\/div>\n\t\t\t\t<div class=\"elementor-element elementor-element-6be6eec elementor-widget elementor-widget-text-editor\" data-id=\"6be6eec\" data-element_type=\"widget\" data-e-type=\"widget\" data-widget_type=\"text-editor.default\">\n\t\t\t\t<div class=\"elementor-widget-container\">\n\t\t\t\t\t\t\t\t\t<p>Dijital sosyal giri\u015fimcilik, olumlu \u00e7evresel de\u011fi\u015fim ve s\u00fcrd\u00fcr\u00fclebilirli\u011fin te\u015fvik edilmesinde \u00f6nemli bir g\u00fc\u00e7 olarak ortaya \u00e7\u0131km\u0131\u015ft\u0131r. Dijital sosyal giri\u015fimciler, dijital \u00e7\u00f6z\u00fcmlerden, yenilik\u00e7i i\u015f modellerinden ve sosyal etki giri\u015fimlerinden yararlanarak, acil \u00e7evresel sorunlar\u0131 ele alma f\u0131rsat\u0131na sahiptir. \u00c7evresel \u00c7\u00f6z\u00fcmler i\u00e7in Teknolojiden Yararlanma: Dijital sosyal giri\u015fimcilik, \u00e7evresel sorunlara yenilik\u00e7i \u00e7\u00f6z\u00fcmler geli\u015ftirmek ve uygulamak i\u00e7in teknolojiyi temel bir itici g\u00fc\u00e7 olarak kullan\u0131r. Dijital sosyal giri\u015fimciler yapay zek\u00e2, nesnelerin interneti ve veri analiti\u011fi gibi geli\u015fmekte olan teknolojilerden yararlanarak ak\u0131ll\u0131 ve s\u00fcrd\u00fcr\u00fclebilir \u00e7\u00f6z\u00fcmler olu\u015fturmaktad\u0131r. Bu \u00e7\u00f6z\u00fcmler enerji verimlili\u011fi, at\u0131k y\u00f6netimi, s\u00fcrd\u00fcr\u00fclebilir tar\u0131m ve \u00e7evre dostu ula\u015f\u0131m alternatifleri de dahil olmak \u00fczere \u00e7ok \u00e7e\u015fitli alanlar\u0131 kapsamaktad\u0131r.&nbsp;<\/p><p>Teknolojinin \u00e7evresel giri\u015fimlere entegre edilmesi verimlili\u011fi ve etkinli\u011fi art\u0131rarak daha s\u00fcrd\u00fcr\u00fclebilir sonu\u00e7lar elde edilmesini sa\u011flar. Topluluklar\u0131n Kat\u0131l\u0131m\u0131n\u0131 Sa\u011flamak ve G\u00fc\u00e7lendirmek: Dijital sosyal giri\u015fimcilik, topluluklar\u0131 \u00e7evre koruma \u00e7abalar\u0131na aktif olarak kat\u0131lmalar\u0131 i\u00e7in g\u00fc\u00e7lendirir. Dijital platformlar ve sosyal medya arac\u0131l\u0131\u011f\u0131yla dijital sosyal giri\u015fimciler \u00e7evre sorunlar\u0131 hakk\u0131nda fark\u0131ndal\u0131k yaratabilir, bilgi payla\u015fabilir ve topluluklar\u0131 s\u00fcrd\u00fcr\u00fclebilir eylem i\u00e7in harekete ge\u00e7irebilir.&nbsp;<\/p><p>Bu platformlar i\u015f birli\u011fini te\u015fvik ederek bireylerin \u00e7evresel zorluklar\u0131 kolektif olarak ele almalar\u0131n\u0131 sa\u011flar. Dijital sosyal giri\u015fimciler ara\u00e7lar, kaynaklar ve e\u011fitim i\u00e7eri\u011fi sa\u011flayarak topluluklar\u0131 bilin\u00e7li se\u00e7imler yapmalar\u0131 ve s\u00fcrd\u00fcr\u00fclebilir uygulamalar\u0131 benimsemeleri i\u00e7in g\u00fc\u00e7lendirir. S\u00fcrd\u00fcr\u00fclebilir T\u00fcketim ve \u00dcretimi M\u00fcmk\u00fcn K\u0131lmak: Dijital sosyal giri\u015fimcilik, s\u00fcrd\u00fcr\u00fclebilir t\u00fcketim ve \u00fcretim modellerinin te\u015fvik edilmesinde \u00e7ok \u00f6nemli bir rol oynamaktad\u0131r. Dijital sosyal giri\u015fimciler, s\u00fcrd\u00fcr\u00fclebilir i\u015fletmeler ve \u00e7evre dostu \u00fcr\u00fcnler i\u00e7in platformlar sunarak t\u00fcketicilerin \u00e7evreye duyarl\u0131 se\u00e7imler yapmas\u0131n\u0131 sa\u011flar. S\u00fcrd\u00fcr\u00fclebilir \u00fcr\u00fcnlere eri\u015fimi kolayla\u015ft\u0131r\u0131r, sorumlu t\u00fcketimi te\u015fvik eder ve \u00fcr\u00fcn ve hizmetlerin \u00e7evresel etkileri hakk\u0131nda bilgi sa\u011flarlar.&nbsp;<\/p><p>Ayr\u0131ca dijital platformlar, e\u015fler aras\u0131 payla\u015f\u0131m ve yeniden sat\u0131\u015f gibi d\u00f6ng\u00fcsel ekonomi uygulamalar\u0131n\u0131 kolayla\u015ft\u0131rabilir, at\u0131k olu\u015fumunu azaltabilir ve kaynak verimlili\u011fini te\u015fvik edebilir. \u00c7evresel Etki i\u00e7in Verilerden Yararlanma: Dijital sosyal giri\u015fimcilik, \u00e7evresel etkiyi art\u0131rmak i\u00e7in verilerin g\u00fcc\u00fcnden yararlan\u0131r. Dijital sosyal giri\u015fimciler enerji t\u00fcketimi, at\u0131k y\u00f6netimi ve \u00e7evresel e\u011filimlerle ilgili verileri toplay\u0131p analiz ederek iyile\u015ftirme alanlar\u0131n\u0131 belirleyebilir ve kaynak tahsisini optimize edebilir.&nbsp;<\/p><p>Veriye dayal\u0131 i\u00e7g\u00f6r\u00fcler, kan\u0131ta dayal\u0131 karar vermeyi m\u00fcmk\u00fcn k\u0131lar ve s\u00fcrd\u00fcr\u00fclebilir kalk\u0131nma i\u00e7in politika m\u00fcdahalelerini bilgilendirir. Ayr\u0131ca, dijital sosyal giri\u015fimciler hava ve su kalitesi gibi \u00e7evresel g\u00f6stergeleri izlemek i\u00e7in verilerden yararlanabilir ve topluluklar\u0131 \u00e7evresel izlemeye aktif olarak kat\u0131lmalar\u0131 i\u00e7in g\u00fc\u00e7lendirebilir. Dijital sosyal giri\u015fimcilik, s\u00fcrd\u00fcr\u00fclebilirli\u011fi te\u015fvik etmek ve \u00e7evresel zorluklar\u0131 ele almak i\u00e7in g\u00fc\u00e7l\u00fc bir yakla\u015f\u0131m\u0131 temsil etmektedir. Dijital sosyal giri\u015fimciler teknolojiden faydalanarak, topluluklar\u0131n kat\u0131l\u0131m\u0131n\u0131 sa\u011flayarak, s\u00fcrd\u00fcr\u00fclebilir t\u00fcketim ve \u00fcretimi te\u015fvik ederek, verilerden yararlanarak ve i\u015fbirli\u011fini te\u015fvik ederek kal\u0131c\u0131 olumlu de\u011fi\u015fim yarat\u0131rlar.&nbsp;<\/p><p>Dijital \u00e7\u00f6z\u00fcmlerin ve sosyal etki giri\u015fimlerinin entegrasyonu, \u00e7evresel sorunlar\u0131n \u00fcstesinden gelmek i\u00e7in yenilik\u00e7i yakla\u015f\u0131mlar sa\u011flar, daha ye\u015fil ve daha s\u00fcrd\u00fcr\u00fclebilir bir gelece\u011fi te\u015fvik eder. Dijital sosyal giri\u015fimcilik geli\u015fmeye devam ettik\u00e7e, s\u00fcrd\u00fcr\u00fclebilirli\u011fi te\u015fvik etmek ve anlaml\u0131 \u00e7evresel etki elde etmek i\u00e7in umut verici bir yolu temsil etmektedir.<\/p>\t\t\t\t\t\t\t\t<\/div>\n\t\t\t\t<\/div>\n\t\t\t\t<div class=\"elementor-element elementor-element-497263c elementor-widget elementor-widget-spacer\" data-id=\"497263c\" data-element_type=\"widget\" data-e-type=\"widget\" data-widget_type=\"spacer.default\">\n\t\t\t\t<div class=\"elementor-widget-container\">\n\t\t\t\t\t\t\t<div class=\"elementor-spacer\">\n\t\t\t<div class=\"elementor-spacer-inner\"><\/div>\n\t\t<\/div>\n\t\t\t\t\t\t<\/div>\n\t\t\t\t<\/div>\n\t\t\t\t\t<\/div>\n\t\t<\/div>\n\t\t\t\t\t<\/div>\n\t\t<\/section>\n\t\t\t\t<section class=\"elementor-section elementor-top-section elementor-element elementor-element-d00afba elementor-section-boxed elementor-section-height-default elementor-section-height-default\" data-id=\"d00afba\" data-element_type=\"section\" data-e-type=\"section\" data-settings=\"{&quot;_ha_eqh_enable&quot;:false}\">\n\t\t\t\t\t\t<div class=\"elementor-container elementor-column-gap-default\">\n\t\t\t\t\t<div class=\"elementor-column elementor-col-33 elementor-top-column elementor-element elementor-element-ca15eaa\" data-id=\"ca15eaa\" data-element_type=\"column\" data-e-type=\"column\">\n\t\t\t<div class=\"elementor-widget-wrap elementor-element-populated\">\n\t\t\t\t\t\t<div class=\"elementor-element elementor-element-2a066a6 elementor-widget elementor-widget-spacer\" data-id=\"2a066a6\" data-element_type=\"widget\" data-e-type=\"widget\" data-widget_type=\"spacer.default\">\n\t\t\t\t<div class=\"elementor-widget-container\">\n\t\t\t\t\t\t\t<div class=\"elementor-spacer\">\n\t\t\t<div class=\"elementor-spacer-inner\"><\/div>\n\t\t<\/div>\n\t\t\t\t\t\t<\/div>\n\t\t\t\t<\/div>\n\t\t\t\t<div class=\"elementor-element elementor-element-17bb4de elementor-widget elementor-widget-image\" data-id=\"17bb4de\" data-element_type=\"widget\" data-e-type=\"widget\" data-widget_type=\"image.default\">\n\t\t\t\t<div class=\"elementor-widget-container\">\n\t\t\t\t\t\t\t\t\t\t\t\t\t\t\t<img decoding=\"async\" width=\"300\" height=\"63\" src=\"https:\/\/digital-social-entrepreneurs.eu\/wp-content\/uploads\/2022\/12\/EN_Co-funded_by_the_EU-300x63.png\" class=\"attachment-medium size-medium wp-image-385\" alt=\"\" srcset=\"https:\/\/digital-social-entrepreneurs.eu\/wp-content\/uploads\/2022\/12\/EN_Co-funded_by_the_EU-300x63.png 300w, https:\/\/digital-social-entrepreneurs.eu\/wp-content\/uploads\/2022\/12\/EN_Co-funded_by_the_EU-768x161.png 768w, https:\/\/digital-social-entrepreneurs.eu\/wp-content\/uploads\/2022\/12\/EN_Co-funded_by_the_EU-720x151.png 720w, https:\/\/digital-social-entrepreneurs.eu\/wp-content\/uploads\/2022\/12\/EN_Co-funded_by_the_EU.png 1024w\" sizes=\"(max-width: 300px) 100vw, 300px\" \/>\t\t\t\t\t\t\t\t\t\t\t\t\t\t\t<\/div>\n\t\t\t\t<\/div>\n\t\t\t\t<div class=\"elementor-element elementor-element-ab00dfc elementor-widget elementor-widget-text-editor\" data-id=\"ab00dfc\" data-element_type=\"widget\" data-e-type=\"widget\" data-widget_type=\"text-editor.default\">\n\t\t\t\t<div class=\"elementor-widget-container\">\n\t\t\t\t\t\t\t\t\t<p>Avrupa Birli\u011fi taraf\u0131ndan finanse edilmektedir. Ancak ifade edilen g\u00f6r\u00fc\u015f ve d\u00fc\u015f\u00fcnceler sadece yazar(lar)a aittir ve Avrupa Birli\u011fi veya Avrupa E\u011fitim ve K\u00fclt\u00fcr Y\u00fcr\u00fctme Ajans\u0131&#8217;n\u0131n (EACEA) g\u00f6r\u00fc\u015flerini yans\u0131tmak zorunda de\u011fildir. Ne Avrupa Birli\u011fi ne de EACEA bunlardan sorumlu tutulamaz. 2021-1-TR01-KA210-YOU-000027475<\/p>\t\t\t\t\t\t\t\t<\/div>\n\t\t\t\t<\/div>\n\t\t\t\t\t<\/div>\n\t\t<\/div>\n\t\t\t\t<div class=\"elementor-column elementor-col-33 elementor-top-column elementor-element elementor-element-8c5cd9d\" data-id=\"8c5cd9d\" data-element_type=\"column\" data-e-type=\"column\">\n\t\t\t<div class=\"elementor-widget-wrap\">\n\t\t\t\t\t\t\t<\/div>\n\t\t<\/div>\n\t\t\t\t<div class=\"elementor-column elementor-col-33 elementor-top-column elementor-element elementor-element-399e538\" data-id=\"399e538\" data-element_type=\"column\" data-e-type=\"column\">\n\t\t\t<div class=\"elementor-widget-wrap elementor-element-populated\">\n\t\t\t\t\t\t<div class=\"elementor-element elementor-element-691be5b elementor-widget elementor-widget-spacer\" data-id=\"691be5b\" data-element_type=\"widget\" data-e-type=\"widget\" data-widget_type=\"spacer.default\">\n\t\t\t\t<div class=\"elementor-widget-container\">\n\t\t\t\t\t\t\t<div class=\"elementor-spacer\">\n\t\t\t<div class=\"elementor-spacer-inner\"><\/div>\n\t\t<\/div>\n\t\t\t\t\t\t<\/div>\n\t\t\t\t<\/div>\n\t\t\t\t<div class=\"elementor-element elementor-element-89c9f7b elementor-widget elementor-widget-image\" data-id=\"89c9f7b\" data-element_type=\"widget\" data-e-type=\"widget\" data-widget_type=\"image.default\">\n\t\t\t\t<div class=\"elementor-widget-container\">\n\t\t\t\t\t\t\t\t\t\t\t\t\t\t\t<img decoding=\"async\" width=\"94\" height=\"107\" src=\"https:\/\/digital-social-entrepreneurs.eu\/wp-content\/uploads\/2022\/10\/cropped-2.png\" class=\"attachment-thumbnail size-thumbnail wp-image-50\" alt=\"\" \/>\t\t\t\t\t\t\t\t\t\t\t\t\t\t\t<\/div>\n\t\t\t\t<\/div>\n\t\t\t\t<div class=\"elementor-element elementor-element-dee2507 elementor-widget elementor-widget-text-editor\" data-id=\"dee2507\" data-element_type=\"widget\" data-e-type=\"widget\" data-widget_type=\"text-editor.default\">\n\t\t\t\t<div class=\"elementor-widget-container\">\n\t\t\t\t\t\t\t\t\t<a style=\"color: black;\" href=\"https:\/\/digital-social-entrepreneurs.eu\/index.php\/terms-of-use\/\" target=\"_blank\" rel=\"noopener\">Terms of Use<\/a>\t\t\t\t\t\t\t\t<\/div>\n\t\t\t\t<\/div>\n\t\t\t\t<div class=\"elementor-element elementor-element-036b022 elementor-shape-circle e-grid-align-right elementor-grid-0 elementor-widget elementor-widget-social-icons\" data-id=\"036b022\" data-element_type=\"widget\" data-e-type=\"widget\" data-widget_type=\"social-icons.default\">\n\t\t\t\t<div class=\"elementor-widget-container\">\n\t\t\t\t\t\t\t<div class=\"elementor-social-icons-wrapper elementor-grid\" role=\"list\">\n\t\t\t\t\t\t\t<span class=\"elementor-grid-item\" role=\"listitem\">\n\t\t\t\t\t<a class=\"elementor-icon elementor-social-icon elementor-social-icon-instagram elementor-repeater-item-1e07695\" href=\"https:\/\/www.instagram.com\/disyou.eu\/\" target=\"_blank\">\n\t\t\t\t\t\t<span class=\"elementor-screen-only\">Instagram<\/span>\n\t\t\t\t\t\t<i aria-hidden=\"true\" class=\"fab fa-instagram\"><\/i>\t\t\t\t\t<\/a>\n\t\t\t\t<\/span>\n\t\t\t\t\t\t\t<span class=\"elementor-grid-item\" role=\"listitem\">\n\t\t\t\t\t<a class=\"elementor-icon elementor-social-icon elementor-social-icon-twitter elementor-repeater-item-c5a4a61\" href=\"https:\/\/twitter.com\/DisyouEU\" target=\"_blank\">\n\t\t\t\t\t\t<span class=\"elementor-screen-only\">Twitter<\/span>\n\t\t\t\t\t\t<i aria-hidden=\"true\" class=\"fab fa-twitter\"><\/i>\t\t\t\t\t<\/a>\n\t\t\t\t<\/span>\n\t\t\t\t\t<\/div>\n\t\t\t\t\t\t<\/div>\n\t\t\t\t<\/div>\n\t\t\t\t\t<\/div>\n\t\t<\/div>\n\t\t\t\t\t<\/div>\n\t\t<\/section>\n\t\t\t\t<section class=\"elementor-section elementor-top-section elementor-element elementor-element-9673140 elementor-section-boxed elementor-section-height-default elementor-section-height-default\" data-id=\"9673140\" data-element_type=\"section\" data-e-type=\"section\" data-settings=\"{&quot;_ha_eqh_enable&quot;:false}\">\n\t\t\t\t\t\t<div class=\"elementor-container elementor-column-gap-default\">\n\t\t\t\t\t<div class=\"elementor-column elementor-col-100 elementor-top-column elementor-element elementor-element-50790e1\" data-id=\"50790e1\" data-element_type=\"column\" data-e-type=\"column\">\n\t\t\t<div class=\"elementor-widget-wrap elementor-element-populated\">\n\t\t\t\t\t\t<div class=\"elementor-element elementor-element-5701132 elementor-widget-divider--view-line elementor-widget elementor-widget-divider\" data-id=\"5701132\" data-element_type=\"widget\" data-e-type=\"widget\" data-widget_type=\"divider.default\">\n\t\t\t\t<div class=\"elementor-widget-container\">\n\t\t\t\t\t\t\t<div class=\"elementor-divider\">\n\t\t\t<span class=\"elementor-divider-separator\">\n\t\t\t\t\t\t<\/span>\n\t\t<\/div>\n\t\t\t\t\t\t<\/div>\n\t\t\t\t<\/div>\n\t\t\t\t\t<\/div>\n\t\t<\/div>\n\t\t\t\t\t<\/div>\n\t\t<\/section>\n\t\t\t\t<section class=\"elementor-section elementor-top-section elementor-element elementor-element-69efbf6 elementor-section-boxed elementor-section-height-default elementor-section-height-default\" data-id=\"69efbf6\" data-element_type=\"section\" data-e-type=\"section\" data-settings=\"{&quot;_ha_eqh_enable&quot;:false}\">\n\t\t\t\t\t\t<div class=\"elementor-container elementor-column-gap-default\">\n\t\t\t\t\t<div class=\"elementor-column elementor-col-33 elementor-top-column elementor-element elementor-element-7187a72\" data-id=\"7187a72\" data-element_type=\"column\" data-e-type=\"column\">\n\t\t\t<div class=\"elementor-widget-wrap elementor-element-populated\">\n\t\t\t\t\t\t<div class=\"elementor-element elementor-element-5041d29 elementor-widget elementor-widget-heading\" data-id=\"5041d29\" data-element_type=\"widget\" data-e-type=\"widget\" data-widget_type=\"heading.default\">\n\t\t\t\t<div class=\"elementor-widget-container\">\n\t\t\t\t\t<h2 class=\"elementor-heading-title elementor-size-default\">Copyright \u00a9 2022 Digital Social Entrepreneurs. All Rights Reserved<\/h2>\t\t\t\t<\/div>\n\t\t\t\t<\/div>\n\t\t\t\t\t<\/div>\n\t\t<\/div>\n\t\t\t\t<div class=\"elementor-column elementor-col-33 elementor-top-column elementor-element elementor-element-fa8893b\" data-id=\"fa8893b\" data-element_type=\"column\" data-e-type=\"column\">\n\t\t\t<div class=\"elementor-widget-wrap\">\n\t\t\t\t\t\t\t<\/div>\n\t\t<\/div>\n\t\t\t\t<div class=\"elementor-column elementor-col-33 elementor-top-column elementor-element elementor-element-33ac293\" data-id=\"33ac293\" data-element_type=\"column\" data-e-type=\"column\">\n\t\t\t<div class=\"elementor-widget-wrap elementor-element-populated\">\n\t\t\t\t\t\t<div class=\"elementor-element elementor-element-d02f963 elementor-widget elementor-widget-text-editor\" data-id=\"d02f963\" data-element_type=\"widget\" data-e-type=\"widget\" data-widget_type=\"text-editor.default\">\n\t\t\t\t<div class=\"elementor-widget-container\">\n\t\t\t\t\t\t\t\t\t<span style=\"color: #797979; text-align: left;\">Powered by\u00a0<\/span><a style=\"color: #797979; text-align: right;\" href=\"https:\/\/innovationhive.eu\/\" target=\"_blank\" rel=\"noopener\">Innovation Hive<\/a>\t\t\t\t\t\t\t\t<\/div>\n\t\t\t\t<\/div>\n\t\t\t\t\t<\/div>\n\t\t<\/div>\n\t\t\t\t\t<\/div>\n\t\t<\/section>\n\t\t\t\t<\/div>\n\t\t","protected":false},"excerpt":{"rendered":"<p>\u0130yilik i\u00e7in Teknoloji: Dijital ve Sosyal Giri\u015fimciler Topluluklar\u0131 Nas\u0131l D\u00f6n\u00fc\u015ft\u00fcr\u00fcyor? Dijital sosyal giri\u015fimcilik, olumlu \u00e7evresel de\u011fi\u015fim ve s\u00fcrd\u00fcr\u00fclebilirli\u011fin te\u015fvik edilmesinde [&hellip;]<\/p>\n","protected":false},"author":1,"featured_media":0,"parent":0,"menu_order":0,"comment_status":"closed","ping_status":"closed","template":"page-templates\/template_page-builder.php","meta":{"_monsterinsights_skip_tracking":false,"_monsterinsights_sitenote_active":false,"_monsterinsights_sitenote_note":"","_monsterinsights_sitenote_category":0,"footnotes":""},"class_list":["post-833","page","type-page","status-publish","hentry"],"aioseo_notices":[],"_links":{"self":[{"href":"https:\/\/digital-social-entrepreneurs.eu\/index.php\/wp-json\/wp\/v2\/pages\/833","targetHints":{"allow":["GET"]}}],"collection":[{"href":"https:\/\/digital-social-entrepreneurs.eu\/index.php\/wp-json\/wp\/v2\/pages"}],"about":[{"href":"https:\/\/digital-social-entrepreneurs.eu\/index.php\/wp-json\/wp\/v2\/types\/page"}],"author":[{"embeddable":true,"href":"https:\/\/digital-social-entrepreneurs.eu\/index.php\/wp-json\/wp\/v2\/users\/1"}],"replies":[{"embeddable":true,"href":"https:\/\/digital-social-entrepreneurs.eu\/index.php\/wp-json\/wp\/v2\/comments?post=833"}],"version-history":[{"count":4,"href":"https:\/\/digital-social-entrepreneurs.eu\/index.php\/wp-json\/wp\/v2\/pages\/833\/revisions"}],"predecessor-version":[{"id":837,"href":"https:\/\/digital-social-entrepreneurs.eu\/index.php\/wp-json\/wp\/v2\/pages\/833\/revisions\/837"}],"wp:attachment":[{"href":"https:\/\/digital-social-entrepreneurs.eu\/index.php\/wp-json\/wp\/v2\/media?parent=833"}],"curies":[{"name":"wp","href":"https:\/\/api.w.org\/{rel}","templated":true}]}}