{"id":853,"date":"2024-04-23T11:26:37","date_gmt":"2024-04-23T11:26:37","guid":{"rendered":"https:\/\/digital-social-entrepreneurs.eu\/?page_id=853"},"modified":"2024-04-23T11:27:50","modified_gmt":"2024-04-23T11:27:50","slug":"yunanistanda-dijital-donusum-disyou-ile-zamana-bir-yolculuk","status":"publish","type":"page","link":"https:\/\/digital-social-entrepreneurs.eu\/index.php\/tr\/yunanistanda-dijital-donusum-disyou-ile-zamana-bir-yolculuk\/","title":{"rendered":"Yunanistan&#8217;da Dijital D\u00f6n\u00fc\u015f\u00fcm: DisYou ile Zamana Bir Yolculuk"},"content":{"rendered":"\t\t<div data-elementor-type=\"wp-page\" data-elementor-id=\"853\" class=\"elementor elementor-853\" data-elementor-settings=\"{&quot;ha_cmc_init_switcher&quot;:&quot;no&quot;}\">\n\t\t\t\t\t\t<section class=\"elementor-section elementor-top-section elementor-element elementor-element-2295f9b elementor-section-boxed elementor-section-height-default elementor-section-height-default\" data-id=\"2295f9b\" data-element_type=\"section\" data-e-type=\"section\" data-settings=\"{&quot;background_background&quot;:&quot;classic&quot;,&quot;shape_divider_bottom&quot;:&quot;mountains&quot;,&quot;_ha_eqh_enable&quot;:false}\">\n\t\t\t\t\t\t\t<div class=\"elementor-background-overlay\"><\/div>\n\t\t\t\t\t\t<div class=\"elementor-shape elementor-shape-bottom\" aria-hidden=\"true\" data-negative=\"false\">\n\t\t\t<svg xmlns=\"http:\/\/www.w3.org\/2000\/svg\" viewBox=\"0 0 1000 100\" preserveAspectRatio=\"none\">\n\t<path class=\"elementor-shape-fill\" opacity=\"0.33\" d=\"M473,67.3c-203.9,88.3-263.1-34-320.3,0C66,119.1,0,59.7,0,59.7V0h1000v59.7 c0,0-62.1,26.1-94.9,29.3c-32.8,3.3-62.8-12.3-75.8-22.1C806,49.6,745.3,8.7,694.9,4.7S492.4,59,473,67.3z\"\/>\n\t<path class=\"elementor-shape-fill\" opacity=\"0.66\" d=\"M734,67.3c-45.5,0-77.2-23.2-129.1-39.1c-28.6-8.7-150.3-10.1-254,39.1 s-91.7-34.4-149.2,0C115.7,118.3,0,39.8,0,39.8V0h1000v36.5c0,0-28.2-18.5-92.1-18.5C810.2,18.1,775.7,67.3,734,67.3z\"\/>\n\t<path class=\"elementor-shape-fill\" d=\"M766.1,28.9c-200-57.5-266,65.5-395.1,19.5C242,1.8,242,5.4,184.8,20.6C128,35.8,132.3,44.9,89.9,52.5C28.6,63.7,0,0,0,0 h1000c0,0-9.9,40.9-83.6,48.1S829.6,47,766.1,28.9z\"\/>\n<\/svg>\t\t<\/div>\n\t\t\t\t\t<div class=\"elementor-container elementor-column-gap-default\">\n\t\t\t\t\t<div class=\"elementor-column elementor-col-100 elementor-top-column elementor-element elementor-element-9fd930e\" data-id=\"9fd930e\" data-element_type=\"column\" data-e-type=\"column\">\n\t\t\t<div class=\"elementor-widget-wrap elementor-element-populated\">\n\t\t\t\t\t\t<div class=\"elementor-element elementor-element-b583b01 elementor-widget elementor-widget-spacer\" data-id=\"b583b01\" data-element_type=\"widget\" data-e-type=\"widget\" data-widget_type=\"spacer.default\">\n\t\t\t\t<div class=\"elementor-widget-container\">\n\t\t\t\t\t\t\t<div class=\"elementor-spacer\">\n\t\t\t<div class=\"elementor-spacer-inner\"><\/div>\n\t\t<\/div>\n\t\t\t\t\t\t<\/div>\n\t\t\t\t<\/div>\n\t\t\t\t<div class=\"elementor-element elementor-element-c68177d elementor-widget elementor-widget-heading\" data-id=\"c68177d\" data-element_type=\"widget\" data-e-type=\"widget\" data-widget_type=\"heading.default\">\n\t\t\t\t<div class=\"elementor-widget-container\">\n\t\t\t\t\t<h2 class=\"elementor-heading-title elementor-size-default\">Yunanistan'da Dijital D\u00f6n\u00fc\u015f\u00fcm: DisYou ile Zamana Bir Yolculuk <\/h2>\t\t\t\t<\/div>\n\t\t\t\t<\/div>\n\t\t\t\t<div class=\"elementor-element elementor-element-df168b5 elementor-widget-divider--view-line elementor-widget elementor-widget-divider\" data-id=\"df168b5\" data-element_type=\"widget\" data-e-type=\"widget\" data-widget_type=\"divider.default\">\n\t\t\t\t<div class=\"elementor-widget-container\">\n\t\t\t\t\t\t\t<div class=\"elementor-divider\">\n\t\t\t<span class=\"elementor-divider-separator\">\n\t\t\t\t\t\t<\/span>\n\t\t<\/div>\n\t\t\t\t\t\t<\/div>\n\t\t\t\t<\/div>\n\t\t\t\t<div class=\"elementor-element elementor-element-a417e97 elementor-widget elementor-widget-spacer\" data-id=\"a417e97\" data-element_type=\"widget\" data-e-type=\"widget\" data-widget_type=\"spacer.default\">\n\t\t\t\t<div class=\"elementor-widget-container\">\n\t\t\t\t\t\t\t<div class=\"elementor-spacer\">\n\t\t\t<div class=\"elementor-spacer-inner\"><\/div>\n\t\t<\/div>\n\t\t\t\t\t\t<\/div>\n\t\t\t\t<\/div>\n\t\t\t\t\t<\/div>\n\t\t<\/div>\n\t\t\t\t\t<\/div>\n\t\t<\/section>\n\t\t\t\t<section class=\"elementor-section elementor-top-section elementor-element elementor-element-2ed52b7 elementor-section-boxed elementor-section-height-default elementor-section-height-default\" data-id=\"2ed52b7\" data-element_type=\"section\" data-e-type=\"section\" data-settings=\"{&quot;_ha_eqh_enable&quot;:false}\">\n\t\t\t\t\t\t<div class=\"elementor-container elementor-column-gap-default\">\n\t\t\t\t\t<div class=\"elementor-column elementor-col-100 elementor-top-column elementor-element elementor-element-a5424e5\" data-id=\"a5424e5\" data-element_type=\"column\" data-e-type=\"column\">\n\t\t\t<div class=\"elementor-widget-wrap elementor-element-populated\">\n\t\t\t\t\t\t<div class=\"elementor-element elementor-element-4284539 elementor-widget elementor-widget-spacer\" data-id=\"4284539\" data-element_type=\"widget\" data-e-type=\"widget\" data-widget_type=\"spacer.default\">\n\t\t\t\t<div class=\"elementor-widget-container\">\n\t\t\t\t\t\t\t<div class=\"elementor-spacer\">\n\t\t\t<div class=\"elementor-spacer-inner\"><\/div>\n\t\t<\/div>\n\t\t\t\t\t\t<\/div>\n\t\t\t\t<\/div>\n\t\t\t\t<div class=\"elementor-element elementor-element-c6945c4 elementor-widget elementor-widget-text-editor\" data-id=\"c6945c4\" data-element_type=\"widget\" data-e-type=\"widget\" data-widget_type=\"text-editor.default\">\n\t\t\t\t<div class=\"elementor-widget-container\">\n\t\t\t\t\t\t\t\t\t<p><\/p>\n<p>Yunanistan, dijitalle\u015fme \u00e7a\u011f\u0131ndan \u00f6nce, hayat\u0131n \u00e7e\u015fitli y\u00f6nlerini y\u00f6neten geleneksel sistemlerle a\u011f\u0131rl\u0131kl\u0131 olarak analog bir ortamda varl\u0131\u011f\u0131n\u0131 s\u00fcrd\u00fcr\u00fcyordu. Yunanistan&#8217;daki dijital devrim 20. y\u00fczy\u0131l\u0131n sonlar\u0131nda ba\u015flad\u0131 ve 21. y\u00fczy\u0131l boyunca teknolojideki ilerlemeler ve potansiyel faydalara ili\u015fkin artan fark\u0131ndal\u0131kla kademeli olarak ivme kazand\u0131.&nbsp;<\/p>\n<p>Yunanistan&#8217;da bilgisayarlar\u0131n, internet ba\u011flant\u0131s\u0131n\u0131n ve dijital altyap\u0131n\u0131n devreye girmesiyle ba\u015flayan dijitalle\u015fme, sekt\u00f6rler aras\u0131nda verimlili\u011fi ve ba\u011flanabilirli\u011fi art\u0131rmay\u0131 ama\u00e7lam\u0131\u015ft\u0131r. Y\u0131llar i\u00e7inde \u00fclke dijital teknolojileri benimseme konusunda \u00f6nemli ad\u0131mlar atarak kamu hizmetleri, e\u011fitim ve i\u015f operasyonlar\u0131nda iyile\u015fmelere tan\u0131k oldu. Yunanistan devam eden dijital d\u00f6n\u00fc\u015f\u00fcm yolculu\u011funda ilerlerken, DisYou gibi projeler olumlu de\u011fi\u015fim i\u00e7in kataliz\u00f6r olarak ortaya \u00e7\u0131kmaktad\u0131r.&nbsp;<\/p>\n<p>Kapsay\u0131c\u0131 e\u011fitim ve toplumun g\u00fc\u00e7lendirilmesine odaklanan DisYou, dijital kalk\u0131nman\u0131n daha geni\u015f hedefleriyle uyumludur. DisYou, yenilik\u00e7i yakla\u015f\u0131mlardan yararlanarak dijital u\u00e7urumun kapat\u0131lmas\u0131na ve gelecek i\u00e7in gerekli becerilerle donat\u0131lm\u0131\u015f teknoloji merakl\u0131s\u0131 bir neslin yeti\u015ftirilmesine katk\u0131da bulunuyor. Projenin gen\u00e7ler \u00fczerindeki etkisi \u00f6zellikle dikkat \u00e7ekicidir; yaln\u0131zca dijital okuryazarl\u0131k kazand\u0131rmakla kalmay\u0131p ayn\u0131 zamanda i\u015fbirli\u011fi, yarat\u0131c\u0131l\u0131k ve ele\u015ftirel d\u00fc\u015f\u00fcnceyi de besleyen bir platform sunmaktad\u0131r.&nbsp;<\/p>\n<p>DisYou, e\u011fitim programlar\u0131 arac\u0131l\u0131\u011f\u0131yla gen\u00e7 nesli dijital ortamda sorumlu bir \u015fekilde gezinmeleri i\u00e7in g\u00fc\u00e7lendiriyor ve onlar\u0131 geli\u015fen dijital topluma aktif kat\u0131l\u0131m i\u00e7in haz\u0131rl\u0131yor. Sonu\u00e7 olarak, Yunanistan&#8217;daki dijital metamorfoz, ilk a\u015famalar\u0131ndan mevcut manzaraya kadar, dikkate de\u011fer bir adaptasyon ve ilerleme yolculu\u011funu ifade etmektedir. DisYou, Yunan toplumunun iyili\u011fi i\u00e7in ba\u011flant\u0131, e\u011fitim ve inovasyonun i\u00e7 i\u00e7e ge\u00e7ti\u011fi bir gelece\u011fi \u015fekillendirmek \u00fczere dijital anlat\u0131ya aktif olarak kat\u0131larak bu d\u00f6n\u00fc\u015ft\u00fcr\u00fcc\u00fc \u00e7a\u011fda bir yol g\u00f6sterici olarak durmaktad\u0131r.&nbsp;<\/p><p>DisYou gen\u00e7leri g\u00fc\u00e7lendirme ve Yunanistan&#8217;\u0131n dijital ortam\u0131na katk\u0131da bulunma misyonunu s\u00fcrd\u00fcr\u00fcrken, sizi ba\u011flant\u0131da kalmaya ve bu d\u00f6n\u00fc\u015ft\u00fcr\u00fcc\u00fc yolculu\u011fun bir par\u00e7as\u0131 olmaya davet ediyoruz. En son geli\u015fmelerden, e\u011fitim \u00e7\u0131kt\u0131lar\u0131ndan ve etki hikayelerinden haberdar olmak i\u00e7in bizi sosyal medyada takip edin. Gelin hep birlikte dijital \u00e7a\u011f\u0131n sundu\u011fu olanaklar\u0131 kucaklayal\u0131m ve dijital a\u00e7\u0131dan kapsay\u0131c\u0131 ve canl\u0131 bir Yunanistan&#8217;\u0131n yolunu a\u00e7al\u0131m.<\/p>\n<p><\/p>\t\t\t\t\t\t\t\t<\/div>\n\t\t\t\t<\/div>\n\t\t\t\t<div class=\"elementor-element elementor-element-05a93d0 elementor-widget elementor-widget-spacer\" data-id=\"05a93d0\" data-element_type=\"widget\" data-e-type=\"widget\" data-widget_type=\"spacer.default\">\n\t\t\t\t<div class=\"elementor-widget-container\">\n\t\t\t\t\t\t\t<div class=\"elementor-spacer\">\n\t\t\t<div class=\"elementor-spacer-inner\"><\/div>\n\t\t<\/div>\n\t\t\t\t\t\t<\/div>\n\t\t\t\t<\/div>\n\t\t\t\t\t<\/div>\n\t\t<\/div>\n\t\t\t\t\t<\/div>\n\t\t<\/section>\n\t\t\t\t<section class=\"elementor-section elementor-top-section elementor-element elementor-element-2a9d53b elementor-section-boxed elementor-section-height-default elementor-section-height-default\" data-id=\"2a9d53b\" data-element_type=\"section\" data-e-type=\"section\" data-settings=\"{&quot;_ha_eqh_enable&quot;:false}\">\n\t\t\t\t\t\t<div class=\"elementor-container elementor-column-gap-default\">\n\t\t\t\t\t<div class=\"elementor-column elementor-col-33 elementor-top-column elementor-element elementor-element-f6f7805\" data-id=\"f6f7805\" data-element_type=\"column\" data-e-type=\"column\">\n\t\t\t<div class=\"elementor-widget-wrap elementor-element-populated\">\n\t\t\t\t\t\t<div class=\"elementor-element elementor-element-99371c8 elementor-widget elementor-widget-spacer\" data-id=\"99371c8\" data-element_type=\"widget\" data-e-type=\"widget\" data-widget_type=\"spacer.default\">\n\t\t\t\t<div class=\"elementor-widget-container\">\n\t\t\t\t\t\t\t<div class=\"elementor-spacer\">\n\t\t\t<div class=\"elementor-spacer-inner\"><\/div>\n\t\t<\/div>\n\t\t\t\t\t\t<\/div>\n\t\t\t\t<\/div>\n\t\t\t\t<div class=\"elementor-element elementor-element-7393803 elementor-widget elementor-widget-image\" data-id=\"7393803\" data-element_type=\"widget\" data-e-type=\"widget\" data-widget_type=\"image.default\">\n\t\t\t\t<div class=\"elementor-widget-container\">\n\t\t\t\t\t\t\t\t\t\t\t\t\t\t\t<img decoding=\"async\" width=\"300\" height=\"63\" src=\"https:\/\/digital-social-entrepreneurs.eu\/wp-content\/uploads\/2022\/12\/EN_Co-funded_by_the_EU-300x63.png\" class=\"attachment-medium size-medium wp-image-385\" alt=\"\" srcset=\"https:\/\/digital-social-entrepreneurs.eu\/wp-content\/uploads\/2022\/12\/EN_Co-funded_by_the_EU-300x63.png 300w, https:\/\/digital-social-entrepreneurs.eu\/wp-content\/uploads\/2022\/12\/EN_Co-funded_by_the_EU-768x161.png 768w, https:\/\/digital-social-entrepreneurs.eu\/wp-content\/uploads\/2022\/12\/EN_Co-funded_by_the_EU-720x151.png 720w, https:\/\/digital-social-entrepreneurs.eu\/wp-content\/uploads\/2022\/12\/EN_Co-funded_by_the_EU.png 1024w\" sizes=\"(max-width: 300px) 100vw, 300px\" \/>\t\t\t\t\t\t\t\t\t\t\t\t\t\t\t<\/div>\n\t\t\t\t<\/div>\n\t\t\t\t<div class=\"elementor-element elementor-element-128ae39 elementor-widget elementor-widget-text-editor\" data-id=\"128ae39\" data-element_type=\"widget\" data-e-type=\"widget\" data-widget_type=\"text-editor.default\">\n\t\t\t\t<div class=\"elementor-widget-container\">\n\t\t\t\t\t\t\t\t\t<p>Avrupa Birli\u011fi taraf\u0131ndan finanse edilmektedir. Ancak ifade edilen g\u00f6r\u00fc\u015f ve d\u00fc\u015f\u00fcnceler sadece yazar(lar)a aittir ve Avrupa Birli\u011fi veya Avrupa E\u011fitim ve K\u00fclt\u00fcr Y\u00fcr\u00fctme Ajans\u0131&#8217;n\u0131n (EACEA) g\u00f6r\u00fc\u015flerini yans\u0131tmak zorunda de\u011fildir. Ne Avrupa Birli\u011fi ne de EACEA bunlardan sorumlu tutulamaz. 2021-1-TR01-KA210-YOU-000027475<\/p>\t\t\t\t\t\t\t\t<\/div>\n\t\t\t\t<\/div>\n\t\t\t\t\t<\/div>\n\t\t<\/div>\n\t\t\t\t<div class=\"elementor-column elementor-col-33 elementor-top-column elementor-element elementor-element-007b6ff\" data-id=\"007b6ff\" data-element_type=\"column\" data-e-type=\"column\">\n\t\t\t<div class=\"elementor-widget-wrap\">\n\t\t\t\t\t\t\t<\/div>\n\t\t<\/div>\n\t\t\t\t<div class=\"elementor-column elementor-col-33 elementor-top-column elementor-element elementor-element-0de26fc\" data-id=\"0de26fc\" data-element_type=\"column\" data-e-type=\"column\">\n\t\t\t<div class=\"elementor-widget-wrap elementor-element-populated\">\n\t\t\t\t\t\t<div class=\"elementor-element elementor-element-d6e527b elementor-widget elementor-widget-spacer\" data-id=\"d6e527b\" data-element_type=\"widget\" data-e-type=\"widget\" data-widget_type=\"spacer.default\">\n\t\t\t\t<div class=\"elementor-widget-container\">\n\t\t\t\t\t\t\t<div class=\"elementor-spacer\">\n\t\t\t<div class=\"elementor-spacer-inner\"><\/div>\n\t\t<\/div>\n\t\t\t\t\t\t<\/div>\n\t\t\t\t<\/div>\n\t\t\t\t<div class=\"elementor-element elementor-element-4395153 elementor-widget elementor-widget-image\" data-id=\"4395153\" data-element_type=\"widget\" data-e-type=\"widget\" data-widget_type=\"image.default\">\n\t\t\t\t<div class=\"elementor-widget-container\">\n\t\t\t\t\t\t\t\t\t\t\t\t\t\t\t<img decoding=\"async\" width=\"94\" height=\"107\" src=\"https:\/\/digital-social-entrepreneurs.eu\/wp-content\/uploads\/2022\/10\/cropped-2.png\" class=\"attachment-thumbnail size-thumbnail wp-image-50\" alt=\"\" \/>\t\t\t\t\t\t\t\t\t\t\t\t\t\t\t<\/div>\n\t\t\t\t<\/div>\n\t\t\t\t<div class=\"elementor-element elementor-element-ef30c0f elementor-widget elementor-widget-text-editor\" data-id=\"ef30c0f\" data-element_type=\"widget\" data-e-type=\"widget\" data-widget_type=\"text-editor.default\">\n\t\t\t\t<div class=\"elementor-widget-container\">\n\t\t\t\t\t\t\t\t\t<a style=\"color: black;\" href=\"https:\/\/digital-social-entrepreneurs.eu\/index.php\/terms-of-use\/\" target=\"_blank\" rel=\"noopener\">Terms of Use<\/a>\t\t\t\t\t\t\t\t<\/div>\n\t\t\t\t<\/div>\n\t\t\t\t<div class=\"elementor-element elementor-element-f477f8b elementor-shape-circle e-grid-align-right elementor-grid-0 elementor-widget elementor-widget-social-icons\" data-id=\"f477f8b\" data-element_type=\"widget\" data-e-type=\"widget\" data-widget_type=\"social-icons.default\">\n\t\t\t\t<div class=\"elementor-widget-container\">\n\t\t\t\t\t\t\t<div class=\"elementor-social-icons-wrapper elementor-grid\" role=\"list\">\n\t\t\t\t\t\t\t<span class=\"elementor-grid-item\" role=\"listitem\">\n\t\t\t\t\t<a class=\"elementor-icon elementor-social-icon elementor-social-icon-instagram elementor-repeater-item-1e07695\" href=\"https:\/\/www.instagram.com\/disyou.eu\/\" target=\"_blank\">\n\t\t\t\t\t\t<span class=\"elementor-screen-only\">Instagram<\/span>\n\t\t\t\t\t\t<i aria-hidden=\"true\" class=\"fab fa-instagram\"><\/i>\t\t\t\t\t<\/a>\n\t\t\t\t<\/span>\n\t\t\t\t\t\t\t<span class=\"elementor-grid-item\" role=\"listitem\">\n\t\t\t\t\t<a class=\"elementor-icon elementor-social-icon elementor-social-icon-twitter elementor-repeater-item-c5a4a61\" href=\"https:\/\/twitter.com\/DisyouEU\" target=\"_blank\">\n\t\t\t\t\t\t<span class=\"elementor-screen-only\">Twitter<\/span>\n\t\t\t\t\t\t<i aria-hidden=\"true\" class=\"fab fa-twitter\"><\/i>\t\t\t\t\t<\/a>\n\t\t\t\t<\/span>\n\t\t\t\t\t<\/div>\n\t\t\t\t\t\t<\/div>\n\t\t\t\t<\/div>\n\t\t\t\t\t<\/div>\n\t\t<\/div>\n\t\t\t\t\t<\/div>\n\t\t<\/section>\n\t\t\t\t<section class=\"elementor-section elementor-top-section elementor-element elementor-element-cecc15b elementor-section-boxed elementor-section-height-default elementor-section-height-default\" data-id=\"cecc15b\" data-element_type=\"section\" data-e-type=\"section\" data-settings=\"{&quot;_ha_eqh_enable&quot;:false}\">\n\t\t\t\t\t\t<div class=\"elementor-container elementor-column-gap-default\">\n\t\t\t\t\t<div class=\"elementor-column elementor-col-100 elementor-top-column elementor-element elementor-element-2913f09\" data-id=\"2913f09\" data-element_type=\"column\" data-e-type=\"column\">\n\t\t\t<div class=\"elementor-widget-wrap elementor-element-populated\">\n\t\t\t\t\t\t<div class=\"elementor-element elementor-element-29fa7b9 elementor-widget-divider--view-line elementor-widget elementor-widget-divider\" data-id=\"29fa7b9\" data-element_type=\"widget\" data-e-type=\"widget\" data-widget_type=\"divider.default\">\n\t\t\t\t<div class=\"elementor-widget-container\">\n\t\t\t\t\t\t\t<div class=\"elementor-divider\">\n\t\t\t<span class=\"elementor-divider-separator\">\n\t\t\t\t\t\t<\/span>\n\t\t<\/div>\n\t\t\t\t\t\t<\/div>\n\t\t\t\t<\/div>\n\t\t\t\t\t<\/div>\n\t\t<\/div>\n\t\t\t\t\t<\/div>\n\t\t<\/section>\n\t\t\t\t<section class=\"elementor-section elementor-top-section elementor-element elementor-element-113703f elementor-section-boxed elementor-section-height-default elementor-section-height-default\" data-id=\"113703f\" data-element_type=\"section\" data-e-type=\"section\" data-settings=\"{&quot;_ha_eqh_enable&quot;:false}\">\n\t\t\t\t\t\t<div class=\"elementor-container elementor-column-gap-default\">\n\t\t\t\t\t<div class=\"elementor-column elementor-col-33 elementor-top-column elementor-element elementor-element-aa87b4f\" data-id=\"aa87b4f\" data-element_type=\"column\" data-e-type=\"column\">\n\t\t\t<div class=\"elementor-widget-wrap elementor-element-populated\">\n\t\t\t\t\t\t<div class=\"elementor-element elementor-element-93ef725 elementor-widget elementor-widget-heading\" data-id=\"93ef725\" data-element_type=\"widget\" data-e-type=\"widget\" data-widget_type=\"heading.default\">\n\t\t\t\t<div class=\"elementor-widget-container\">\n\t\t\t\t\t<h2 class=\"elementor-heading-title elementor-size-default\">Copyright \u00a9 2022 Digital Social Entrepreneurs. All Rights Reserved<\/h2>\t\t\t\t<\/div>\n\t\t\t\t<\/div>\n\t\t\t\t\t<\/div>\n\t\t<\/div>\n\t\t\t\t<div class=\"elementor-column elementor-col-33 elementor-top-column elementor-element elementor-element-b0eefb1\" data-id=\"b0eefb1\" data-element_type=\"column\" data-e-type=\"column\">\n\t\t\t<div class=\"elementor-widget-wrap\">\n\t\t\t\t\t\t\t<\/div>\n\t\t<\/div>\n\t\t\t\t<div class=\"elementor-column elementor-col-33 elementor-top-column elementor-element elementor-element-c95c85d\" data-id=\"c95c85d\" data-element_type=\"column\" data-e-type=\"column\">\n\t\t\t<div class=\"elementor-widget-wrap elementor-element-populated\">\n\t\t\t\t\t\t<div class=\"elementor-element elementor-element-a17fa5b elementor-widget elementor-widget-text-editor\" data-id=\"a17fa5b\" data-element_type=\"widget\" data-e-type=\"widget\" data-widget_type=\"text-editor.default\">\n\t\t\t\t<div class=\"elementor-widget-container\">\n\t\t\t\t\t\t\t\t\t<span style=\"color: #797979; text-align: left;\">Powered by\u00a0<\/span><a style=\"color: #797979; text-align: right;\" href=\"https:\/\/innovationhive.eu\/\" target=\"_blank\" rel=\"noopener\">Innovation Hive<\/a>\t\t\t\t\t\t\t\t<\/div>\n\t\t\t\t<\/div>\n\t\t\t\t\t<\/div>\n\t\t<\/div>\n\t\t\t\t\t<\/div>\n\t\t<\/section>\n\t\t\t\t<\/div>\n\t\t","protected":false},"excerpt":{"rendered":"<p>Yunanistan&#8217;da Dijital D\u00f6n\u00fc\u015f\u00fcm: DisYou ile Zamana Bir Yolculuk Yunanistan, dijitalle\u015fme \u00e7a\u011f\u0131ndan \u00f6nce, hayat\u0131n \u00e7e\u015fitli y\u00f6nlerini y\u00f6neten geleneksel sistemlerle a\u011f\u0131rl\u0131kl\u0131 olarak [&hellip;]<\/p>\n","protected":false},"author":1,"featured_media":0,"parent":0,"menu_order":0,"comment_status":"closed","ping_status":"closed","template":"page-templates\/template_page-builder.php","meta":{"_monsterinsights_skip_tracking":false,"_monsterinsights_sitenote_active":false,"_monsterinsights_sitenote_note":"","_monsterinsights_sitenote_category":0,"footnotes":""},"class_list":["post-853","page","type-page","status-publish","hentry"],"aioseo_notices":[],"_links":{"self":[{"href":"https:\/\/digital-social-entrepreneurs.eu\/index.php\/wp-json\/wp\/v2\/pages\/853","targetHints":{"allow":["GET"]}}],"collection":[{"href":"https:\/\/digital-social-entrepreneurs.eu\/index.php\/wp-json\/wp\/v2\/pages"}],"about":[{"href":"https:\/\/digital-social-entrepreneurs.eu\/index.php\/wp-json\/wp\/v2\/types\/page"}],"author":[{"embeddable":true,"href":"https:\/\/digital-social-entrepreneurs.eu\/index.php\/wp-json\/wp\/v2\/users\/1"}],"replies":[{"embeddable":true,"href":"https:\/\/digital-social-entrepreneurs.eu\/index.php\/wp-json\/wp\/v2\/comments?post=853"}],"version-history":[{"count":4,"href":"https:\/\/digital-social-entrepreneurs.eu\/index.php\/wp-json\/wp\/v2\/pages\/853\/revisions"}],"predecessor-version":[{"id":858,"href":"https:\/\/digital-social-entrepreneurs.eu\/index.php\/wp-json\/wp\/v2\/pages\/853\/revisions\/858"}],"wp:attachment":[{"href":"https:\/\/digital-social-entrepreneurs.eu\/index.php\/wp-json\/wp\/v2\/media?parent=853"}],"curies":[{"name":"wp","href":"https:\/\/api.w.org\/{rel}","templated":true}]}}