{"id":917,"date":"2024-04-24T13:28:38","date_gmt":"2024-04-24T13:28:38","guid":{"rendered":"https:\/\/digital-social-entrepreneurs.eu\/?page_id=917"},"modified":"2024-04-24T13:30:02","modified_gmt":"2024-04-24T13:30:02","slug":"digitaalse-sotsiaalse-ettevotluse-potentsiaali-kasutamine-jatkusuutlikkuse-ja-keskkonnamoju-saavutamiseks-kk1","status":"publish","type":"page","link":"https:\/\/digital-social-entrepreneurs.eu\/index.php\/et\/digitaalse-sotsiaalse-ettevotluse-potentsiaali-kasutamine-jatkusuutlikkuse-ja-keskkonnamoju-saavutamiseks-kk1\/","title":{"rendered":"Digitaalse sotsiaalse ettev\u00f5tluse potentsiaali kasutamine j\u00e4tkusuutlikkuse ja keskkonnam\u00f5ju saavutamiseks"},"content":{"rendered":"\t\t<div data-elementor-type=\"wp-page\" data-elementor-id=\"917\" class=\"elementor elementor-917\" data-elementor-settings=\"{&quot;ha_cmc_init_switcher&quot;:&quot;no&quot;}\">\n\t\t\t\t\t\t<section class=\"elementor-section elementor-top-section elementor-element elementor-element-5c5b50d elementor-section-boxed elementor-section-height-default elementor-section-height-default\" data-id=\"5c5b50d\" data-element_type=\"section\" data-e-type=\"section\" data-settings=\"{&quot;background_background&quot;:&quot;classic&quot;,&quot;shape_divider_bottom&quot;:&quot;mountains&quot;,&quot;_ha_eqh_enable&quot;:false}\">\n\t\t\t\t\t\t\t<div class=\"elementor-background-overlay\"><\/div>\n\t\t\t\t\t\t<div class=\"elementor-shape elementor-shape-bottom\" aria-hidden=\"true\" data-negative=\"false\">\n\t\t\t<svg xmlns=\"http:\/\/www.w3.org\/2000\/svg\" viewBox=\"0 0 1000 100\" preserveAspectRatio=\"none\">\n\t<path class=\"elementor-shape-fill\" opacity=\"0.33\" d=\"M473,67.3c-203.9,88.3-263.1-34-320.3,0C66,119.1,0,59.7,0,59.7V0h1000v59.7 c0,0-62.1,26.1-94.9,29.3c-32.8,3.3-62.8-12.3-75.8-22.1C806,49.6,745.3,8.7,694.9,4.7S492.4,59,473,67.3z\"\/>\n\t<path class=\"elementor-shape-fill\" opacity=\"0.66\" d=\"M734,67.3c-45.5,0-77.2-23.2-129.1-39.1c-28.6-8.7-150.3-10.1-254,39.1 s-91.7-34.4-149.2,0C115.7,118.3,0,39.8,0,39.8V0h1000v36.5c0,0-28.2-18.5-92.1-18.5C810.2,18.1,775.7,67.3,734,67.3z\"\/>\n\t<path class=\"elementor-shape-fill\" d=\"M766.1,28.9c-200-57.5-266,65.5-395.1,19.5C242,1.8,242,5.4,184.8,20.6C128,35.8,132.3,44.9,89.9,52.5C28.6,63.7,0,0,0,0 h1000c0,0-9.9,40.9-83.6,48.1S829.6,47,766.1,28.9z\"\/>\n<\/svg>\t\t<\/div>\n\t\t\t\t\t<div class=\"elementor-container elementor-column-gap-default\">\n\t\t\t\t\t<div class=\"elementor-column elementor-col-100 elementor-top-column elementor-element elementor-element-c7869a7\" data-id=\"c7869a7\" data-element_type=\"column\" data-e-type=\"column\">\n\t\t\t<div class=\"elementor-widget-wrap elementor-element-populated\">\n\t\t\t\t\t\t<div class=\"elementor-element elementor-element-1f27090 elementor-widget elementor-widget-spacer\" data-id=\"1f27090\" data-element_type=\"widget\" data-e-type=\"widget\" data-widget_type=\"spacer.default\">\n\t\t\t\t<div class=\"elementor-widget-container\">\n\t\t\t\t\t\t\t<div class=\"elementor-spacer\">\n\t\t\t<div class=\"elementor-spacer-inner\"><\/div>\n\t\t<\/div>\n\t\t\t\t\t\t<\/div>\n\t\t\t\t<\/div>\n\t\t\t\t<div class=\"elementor-element elementor-element-b1b084d elementor-widget elementor-widget-heading\" data-id=\"b1b084d\" data-element_type=\"widget\" data-e-type=\"widget\" data-widget_type=\"heading.default\">\n\t\t\t\t<div class=\"elementor-widget-container\">\n\t\t\t\t\t<h2 class=\"elementor-heading-title elementor-size-default\">Digitaalse sotsiaalse ettev\u00f5tluse potentsiaali kasutamine j\u00e4tkusuutlikkuse ja keskkonnam\u00f5ju saavutamiseks<\/h2>\t\t\t\t<\/div>\n\t\t\t\t<\/div>\n\t\t\t\t<div class=\"elementor-element elementor-element-f02110b elementor-widget-divider--view-line elementor-widget elementor-widget-divider\" data-id=\"f02110b\" data-element_type=\"widget\" data-e-type=\"widget\" data-widget_type=\"divider.default\">\n\t\t\t\t<div class=\"elementor-widget-container\">\n\t\t\t\t\t\t\t<div class=\"elementor-divider\">\n\t\t\t<span class=\"elementor-divider-separator\">\n\t\t\t\t\t\t<\/span>\n\t\t<\/div>\n\t\t\t\t\t\t<\/div>\n\t\t\t\t<\/div>\n\t\t\t\t<div class=\"elementor-element elementor-element-891ec19 elementor-widget elementor-widget-spacer\" data-id=\"891ec19\" data-element_type=\"widget\" data-e-type=\"widget\" data-widget_type=\"spacer.default\">\n\t\t\t\t<div class=\"elementor-widget-container\">\n\t\t\t\t\t\t\t<div class=\"elementor-spacer\">\n\t\t\t<div class=\"elementor-spacer-inner\"><\/div>\n\t\t<\/div>\n\t\t\t\t\t\t<\/div>\n\t\t\t\t<\/div>\n\t\t\t\t\t<\/div>\n\t\t<\/div>\n\t\t\t\t\t<\/div>\n\t\t<\/section>\n\t\t\t\t<section class=\"elementor-section elementor-top-section elementor-element elementor-element-e30010c elementor-section-boxed elementor-section-height-default elementor-section-height-default\" data-id=\"e30010c\" data-element_type=\"section\" data-e-type=\"section\" data-settings=\"{&quot;_ha_eqh_enable&quot;:false}\">\n\t\t\t\t\t\t<div class=\"elementor-container elementor-column-gap-default\">\n\t\t\t\t\t<div class=\"elementor-column elementor-col-100 elementor-top-column elementor-element elementor-element-02989ce\" data-id=\"02989ce\" data-element_type=\"column\" data-e-type=\"column\">\n\t\t\t<div class=\"elementor-widget-wrap elementor-element-populated\">\n\t\t\t\t\t\t<div class=\"elementor-element elementor-element-4a67d15 elementor-widget elementor-widget-spacer\" data-id=\"4a67d15\" data-element_type=\"widget\" data-e-type=\"widget\" data-widget_type=\"spacer.default\">\n\t\t\t\t<div class=\"elementor-widget-container\">\n\t\t\t\t\t\t\t<div class=\"elementor-spacer\">\n\t\t\t<div class=\"elementor-spacer-inner\"><\/div>\n\t\t<\/div>\n\t\t\t\t\t\t<\/div>\n\t\t\t\t<\/div>\n\t\t\t\t<div class=\"elementor-element elementor-element-ad4c6bc elementor-widget elementor-widget-text-editor\" data-id=\"ad4c6bc\" data-element_type=\"widget\" data-e-type=\"widget\" data-widget_type=\"text-editor.default\">\n\t\t\t\t<div class=\"elementor-widget-container\">\n\t\t\t\t\t\t\t\t\t<p>Digitaalne sotsiaalne ettev\u00f5tlus on muutunud paljude maailma riikide jaoks oluliseks valdkonnaks. Sotsiaalse ettev\u00f5tluse ja digitaalse ettev\u00f5tluse oskuste kombineerimist peetakse t\u00e4nap\u00e4eva v\u00e4ga konkurentsitihedas ja kiiresti muutuvas digitaalses maailmas vajalikuks. Projekt DISYOU (digitaalne sotsiaalne ettev\u00f5tlus) on \u00fcks algatus, mille eesm\u00e4rk on meelitada rohkem noori sotsiaalse ettev\u00f5tluse valdkonda, andes neile vajalikud digioskused.<\/p>\n<p>Projektil on mitu tegevust, sealhulgas digitaalse sotsiaalse ettev\u00f5tluse oskuste koolituste ettevalmistamine, p\u00f5hjalik digitaalse sotsiaalse ettev\u00f5tluse koolituskursus ja e-kursuse loomine. Lisaks korraldatakse projekti raames isiklikke ja virtuaalseid projektikohtumisi, viiakse l\u00e4bi tegevusi projekti tulemuste jagamiseks ja avalikkuseni j\u00f5udmiseks. Oluline tegevus on projektis kvaliteedi tagamine ja usaldusv\u00e4\u00e4rne juhtimine. Projekt on mitme organisatsiooni koost\u00f6\u00f6projekt, sealhulgas Uluslararas\u0131 Dijital Giri\u015fimcilik Derne\u011fi (UDGD) ja AtlasCo Academy T\u00fcrgis, Innovation Hive Kreekas ja BCS Koolitus Eestis. Koost\u00f6\u00f6 algas veebip\u00f5hise koosolekuga ja viib praegu ellu esimest tegevust, kus partnerid koostavad 10 digitaalse ettev\u00f5tluse mooduli \u00f5ppematerjalid.<\/p>\n<p>Projekti eesm\u00e4rk on julgustada noori hakkama digitaalseteks sotsiaalseteks ettev\u00f5tjateks, pakkudes noortele oskusi ja teadmisi, mis on vajalikud sotsiaalse ettev\u00f5tlusega kaasnevate v\u00e4ljakutsetega toimetulekuks. Noored suudavad kohaneda ja katsetada uusi algatusi, kuid nad peavad olema ka varustatud vahenditega, et tulla toime sotsiaalse ettev\u00f5tluse erinevate probleemidega. Digitaalsed sotsiaalsed ettev\u00f5tjad on Euroopa tuleviku jaoks olulised. Nad suudavad k\u00e4sitleda sotsiaalseid probleeme uudsel viisil, kasutades tehnoloogiat ja digitaalseid vahendeid positiivse sotsiaalse m\u00f5ju loomiseks. Neid ettev\u00f5tjaid ajendab soov oma kogukonnas midagi muuta ja nad on p\u00fchendunud sotsiaalsetele probleemidele j\u00e4tkusuutlike lahenduste otsimisele. Projekt DISYOU on samm \u00f5iges suunas, et edendada digitaalset sotsiaalset ettev\u00f5tlust Euroopas. Pakkudes noortele oskusi ja teadmisi, mida nad vajavad, et saada edukaks digitaalseks sotsiaalseks ettev\u00f5tjaks, aitab projekt kaasa sotsiaalselt vastutustundlike ettev\u00f5tjate uue p\u00f5lvkonna arengule, kes on valmis \u00fchiskonnale positiivset m\u00f5ju avaldama.<\/p>\n<p>Kokkuv\u00f5tteks v\u00f5ib \u00f6elda, et \u00fcha digitaalsemaks muutuvas maailmas ei ole vajadus sotsiaalselt vastutustundlike ettev\u00f5tjate j\u00e4rele kunagi olnud suurem. Projekt DISYOU on s\u00e4rav n\u00e4ide sellest, kuidas digitaalset sotsiaalset ettev\u00f5tlust saab Euroopa noorte seas edendada. Andes neile oskused ja teadmised, mida on vaja sotsiaalse ettev\u00f5tluse keerukuse juhtimiseks ja selles orienteerumiseks, sillutab projekt teed helgemale tulevikule k\u00f5igi jaoks.<\/p>\t\t\t\t\t\t\t\t<\/div>\n\t\t\t\t<\/div>\n\t\t\t\t<div class=\"elementor-element elementor-element-5eef237 elementor-widget elementor-widget-spacer\" data-id=\"5eef237\" data-element_type=\"widget\" data-e-type=\"widget\" data-widget_type=\"spacer.default\">\n\t\t\t\t<div class=\"elementor-widget-container\">\n\t\t\t\t\t\t\t<div class=\"elementor-spacer\">\n\t\t\t<div class=\"elementor-spacer-inner\"><\/div>\n\t\t<\/div>\n\t\t\t\t\t\t<\/div>\n\t\t\t\t<\/div>\n\t\t\t\t\t<\/div>\n\t\t<\/div>\n\t\t\t\t\t<\/div>\n\t\t<\/section>\n\t\t\t\t<section class=\"elementor-section elementor-top-section elementor-element elementor-element-b99d76c elementor-section-boxed elementor-section-height-default elementor-section-height-default\" data-id=\"b99d76c\" data-element_type=\"section\" data-e-type=\"section\" data-settings=\"{&quot;_ha_eqh_enable&quot;:false}\">\n\t\t\t\t\t\t<div class=\"elementor-container elementor-column-gap-default\">\n\t\t\t\t\t<div class=\"elementor-column elementor-col-33 elementor-top-column elementor-element elementor-element-73ea029\" data-id=\"73ea029\" data-element_type=\"column\" data-e-type=\"column\">\n\t\t\t<div class=\"elementor-widget-wrap elementor-element-populated\">\n\t\t\t\t\t\t<div class=\"elementor-element elementor-element-da751c2 elementor-widget elementor-widget-spacer\" data-id=\"da751c2\" data-element_type=\"widget\" data-e-type=\"widget\" data-widget_type=\"spacer.default\">\n\t\t\t\t<div class=\"elementor-widget-container\">\n\t\t\t\t\t\t\t<div class=\"elementor-spacer\">\n\t\t\t<div class=\"elementor-spacer-inner\"><\/div>\n\t\t<\/div>\n\t\t\t\t\t\t<\/div>\n\t\t\t\t<\/div>\n\t\t\t\t<div class=\"elementor-element elementor-element-77523db elementor-widget elementor-widget-image\" data-id=\"77523db\" data-element_type=\"widget\" data-e-type=\"widget\" data-widget_type=\"image.default\">\n\t\t\t\t<div class=\"elementor-widget-container\">\n\t\t\t\t\t\t\t\t\t\t\t\t\t\t\t<img decoding=\"async\" width=\"300\" height=\"63\" src=\"https:\/\/digital-social-entrepreneurs.eu\/wp-content\/uploads\/2022\/12\/EN_Co-funded_by_the_EU-300x63.png\" class=\"attachment-medium size-medium wp-image-385\" alt=\"\" srcset=\"https:\/\/digital-social-entrepreneurs.eu\/wp-content\/uploads\/2022\/12\/EN_Co-funded_by_the_EU-300x63.png 300w, https:\/\/digital-social-entrepreneurs.eu\/wp-content\/uploads\/2022\/12\/EN_Co-funded_by_the_EU-768x161.png 768w, https:\/\/digital-social-entrepreneurs.eu\/wp-content\/uploads\/2022\/12\/EN_Co-funded_by_the_EU-720x151.png 720w, https:\/\/digital-social-entrepreneurs.eu\/wp-content\/uploads\/2022\/12\/EN_Co-funded_by_the_EU.png 1024w\" sizes=\"(max-width: 300px) 100vw, 300px\" \/>\t\t\t\t\t\t\t\t\t\t\t\t\t\t\t<\/div>\n\t\t\t\t<\/div>\n\t\t\t\t<div class=\"elementor-element elementor-element-4686d87 elementor-widget elementor-widget-text-editor\" data-id=\"4686d87\" data-element_type=\"widget\" data-e-type=\"widget\" data-widget_type=\"text-editor.default\">\n\t\t\t\t<div class=\"elementor-widget-container\">\n\t\t\t\t\t\t\t\t\t<p>Rahastab Euroopa Liit. V\u00e4ljendatud seisukohad ja arvamused on siiski ainult autori(te) omad ega pruugi kajastada Euroopa Liidu v\u00f5i Euroopa Hariduse ja Kultuuri T\u00e4itevasutuse (EACEA) seisukohti ja arvamusi. Euroopa Liit ega EACEA ei saa nende eest vastutada. 2021-1-TR01-KA210-YOU-000027475<\/p>\t\t\t\t\t\t\t\t<\/div>\n\t\t\t\t<\/div>\n\t\t\t\t\t<\/div>\n\t\t<\/div>\n\t\t\t\t<div class=\"elementor-column elementor-col-33 elementor-top-column elementor-element elementor-element-cc2b38d\" data-id=\"cc2b38d\" data-element_type=\"column\" data-e-type=\"column\">\n\t\t\t<div class=\"elementor-widget-wrap\">\n\t\t\t\t\t\t\t<\/div>\n\t\t<\/div>\n\t\t\t\t<div class=\"elementor-column elementor-col-33 elementor-top-column elementor-element elementor-element-a7ee157\" data-id=\"a7ee157\" data-element_type=\"column\" data-e-type=\"column\">\n\t\t\t<div class=\"elementor-widget-wrap elementor-element-populated\">\n\t\t\t\t\t\t<div class=\"elementor-element elementor-element-f7c2353 elementor-widget elementor-widget-spacer\" data-id=\"f7c2353\" data-element_type=\"widget\" data-e-type=\"widget\" data-widget_type=\"spacer.default\">\n\t\t\t\t<div class=\"elementor-widget-container\">\n\t\t\t\t\t\t\t<div class=\"elementor-spacer\">\n\t\t\t<div class=\"elementor-spacer-inner\"><\/div>\n\t\t<\/div>\n\t\t\t\t\t\t<\/div>\n\t\t\t\t<\/div>\n\t\t\t\t<div class=\"elementor-element elementor-element-a85357f elementor-widget elementor-widget-image\" data-id=\"a85357f\" data-element_type=\"widget\" data-e-type=\"widget\" data-widget_type=\"image.default\">\n\t\t\t\t<div class=\"elementor-widget-container\">\n\t\t\t\t\t\t\t\t\t\t\t\t\t\t\t<img decoding=\"async\" width=\"94\" height=\"107\" src=\"https:\/\/digital-social-entrepreneurs.eu\/wp-content\/uploads\/2022\/10\/cropped-2.png\" class=\"attachment-thumbnail size-thumbnail wp-image-50\" alt=\"\" \/>\t\t\t\t\t\t\t\t\t\t\t\t\t\t\t<\/div>\n\t\t\t\t<\/div>\n\t\t\t\t<div class=\"elementor-element elementor-element-99e49f8 elementor-widget elementor-widget-text-editor\" data-id=\"99e49f8\" data-element_type=\"widget\" data-e-type=\"widget\" data-widget_type=\"text-editor.default\">\n\t\t\t\t<div class=\"elementor-widget-container\">\n\t\t\t\t\t\t\t\t\t<a style=\"color: black;\" href=\"https:\/\/digital-social-entrepreneurs.eu\/index.php\/terms-of-use\/\" target=\"_blank\" rel=\"noopener\">Terms of Use<\/a>\t\t\t\t\t\t\t\t<\/div>\n\t\t\t\t<\/div>\n\t\t\t\t<div class=\"elementor-element elementor-element-276f2e2 elementor-shape-circle e-grid-align-right elementor-grid-0 elementor-widget elementor-widget-social-icons\" data-id=\"276f2e2\" data-element_type=\"widget\" data-e-type=\"widget\" data-widget_type=\"social-icons.default\">\n\t\t\t\t<div class=\"elementor-widget-container\">\n\t\t\t\t\t\t\t<div class=\"elementor-social-icons-wrapper elementor-grid\" role=\"list\">\n\t\t\t\t\t\t\t<span class=\"elementor-grid-item\" role=\"listitem\">\n\t\t\t\t\t<a class=\"elementor-icon elementor-social-icon elementor-social-icon-instagram elementor-repeater-item-1e07695\" href=\"https:\/\/www.instagram.com\/disyou.eu\/\" target=\"_blank\">\n\t\t\t\t\t\t<span class=\"elementor-screen-only\">Instagram<\/span>\n\t\t\t\t\t\t<i aria-hidden=\"true\" class=\"fab fa-instagram\"><\/i>\t\t\t\t\t<\/a>\n\t\t\t\t<\/span>\n\t\t\t\t\t\t\t<span class=\"elementor-grid-item\" role=\"listitem\">\n\t\t\t\t\t<a class=\"elementor-icon elementor-social-icon elementor-social-icon-twitter elementor-repeater-item-c5a4a61\" href=\"https:\/\/twitter.com\/DisyouEU\" target=\"_blank\">\n\t\t\t\t\t\t<span class=\"elementor-screen-only\">Twitter<\/span>\n\t\t\t\t\t\t<i aria-hidden=\"true\" class=\"fab fa-twitter\"><\/i>\t\t\t\t\t<\/a>\n\t\t\t\t<\/span>\n\t\t\t\t\t<\/div>\n\t\t\t\t\t\t<\/div>\n\t\t\t\t<\/div>\n\t\t\t\t\t<\/div>\n\t\t<\/div>\n\t\t\t\t\t<\/div>\n\t\t<\/section>\n\t\t\t\t<section class=\"elementor-section elementor-top-section elementor-element elementor-element-9fa1b0f elementor-section-boxed elementor-section-height-default elementor-section-height-default\" data-id=\"9fa1b0f\" data-element_type=\"section\" data-e-type=\"section\" data-settings=\"{&quot;_ha_eqh_enable&quot;:false}\">\n\t\t\t\t\t\t<div class=\"elementor-container elementor-column-gap-default\">\n\t\t\t\t\t<div class=\"elementor-column elementor-col-100 elementor-top-column elementor-element elementor-element-467879b\" data-id=\"467879b\" data-element_type=\"column\" data-e-type=\"column\">\n\t\t\t<div class=\"elementor-widget-wrap elementor-element-populated\">\n\t\t\t\t\t\t<div class=\"elementor-element elementor-element-ccebd82 elementor-widget-divider--view-line elementor-widget elementor-widget-divider\" data-id=\"ccebd82\" data-element_type=\"widget\" data-e-type=\"widget\" data-widget_type=\"divider.default\">\n\t\t\t\t<div class=\"elementor-widget-container\">\n\t\t\t\t\t\t\t<div class=\"elementor-divider\">\n\t\t\t<span class=\"elementor-divider-separator\">\n\t\t\t\t\t\t<\/span>\n\t\t<\/div>\n\t\t\t\t\t\t<\/div>\n\t\t\t\t<\/div>\n\t\t\t\t\t<\/div>\n\t\t<\/div>\n\t\t\t\t\t<\/div>\n\t\t<\/section>\n\t\t\t\t<section class=\"elementor-section elementor-top-section elementor-element elementor-element-2780700 elementor-section-boxed elementor-section-height-default elementor-section-height-default\" data-id=\"2780700\" data-element_type=\"section\" data-e-type=\"section\" data-settings=\"{&quot;_ha_eqh_enable&quot;:false}\">\n\t\t\t\t\t\t<div class=\"elementor-container elementor-column-gap-default\">\n\t\t\t\t\t<div class=\"elementor-column elementor-col-33 elementor-top-column elementor-element elementor-element-ed94de4\" data-id=\"ed94de4\" data-element_type=\"column\" data-e-type=\"column\">\n\t\t\t<div class=\"elementor-widget-wrap elementor-element-populated\">\n\t\t\t\t\t\t<div class=\"elementor-element elementor-element-1e0fbfa elementor-widget elementor-widget-heading\" data-id=\"1e0fbfa\" data-element_type=\"widget\" data-e-type=\"widget\" data-widget_type=\"heading.default\">\n\t\t\t\t<div class=\"elementor-widget-container\">\n\t\t\t\t\t<h2 class=\"elementor-heading-title elementor-size-default\">Copyright \u00a9 2022 Digital Social Entrepreneurs. All Rights Reserved<\/h2>\t\t\t\t<\/div>\n\t\t\t\t<\/div>\n\t\t\t\t\t<\/div>\n\t\t<\/div>\n\t\t\t\t<div class=\"elementor-column elementor-col-33 elementor-top-column elementor-element elementor-element-12fd89c\" data-id=\"12fd89c\" data-element_type=\"column\" data-e-type=\"column\">\n\t\t\t<div class=\"elementor-widget-wrap\">\n\t\t\t\t\t\t\t<\/div>\n\t\t<\/div>\n\t\t\t\t<div class=\"elementor-column elementor-col-33 elementor-top-column elementor-element elementor-element-ed2461c\" data-id=\"ed2461c\" data-element_type=\"column\" data-e-type=\"column\">\n\t\t\t<div class=\"elementor-widget-wrap elementor-element-populated\">\n\t\t\t\t\t\t<div class=\"elementor-element elementor-element-cea06e6 elementor-widget elementor-widget-text-editor\" data-id=\"cea06e6\" data-element_type=\"widget\" data-e-type=\"widget\" data-widget_type=\"text-editor.default\">\n\t\t\t\t<div class=\"elementor-widget-container\">\n\t\t\t\t\t\t\t\t\t<span style=\"color: #797979; text-align: left;\">Powered by\u00a0<\/span><a style=\"color: #797979; text-align: right;\" href=\"https:\/\/innovationhive.eu\/\" target=\"_blank\" rel=\"noopener\">Innovation Hive<\/a>\t\t\t\t\t\t\t\t<\/div>\n\t\t\t\t<\/div>\n\t\t\t\t\t<\/div>\n\t\t<\/div>\n\t\t\t\t\t<\/div>\n\t\t<\/section>\n\t\t\t\t<\/div>\n\t\t","protected":false},"excerpt":{"rendered":"<p>Digitaalse sotsiaalse ettev\u00f5tluse potentsiaali kasutamine j\u00e4tkusuutlikkuse ja keskkonnam\u00f5ju saavutamiseks Digitaalne sotsiaalne ettev\u00f5tlus on muutunud paljude maailma riikide jaoks oluliseks valdkonnaks. [&hellip;]<\/p>\n","protected":false},"author":1,"featured_media":0,"parent":0,"menu_order":0,"comment_status":"closed","ping_status":"closed","template":"page-templates\/template_page-builder.php","meta":{"_monsterinsights_skip_tracking":false,"_monsterinsights_sitenote_active":false,"_monsterinsights_sitenote_note":"","_monsterinsights_sitenote_category":0,"footnotes":""},"class_list":["post-917","page","type-page","status-publish","hentry"],"aioseo_notices":[],"_links":{"self":[{"href":"https:\/\/digital-social-entrepreneurs.eu\/index.php\/wp-json\/wp\/v2\/pages\/917","targetHints":{"allow":["GET"]}}],"collection":[{"href":"https:\/\/digital-social-entrepreneurs.eu\/index.php\/wp-json\/wp\/v2\/pages"}],"about":[{"href":"https:\/\/digital-social-entrepreneurs.eu\/index.php\/wp-json\/wp\/v2\/types\/page"}],"author":[{"embeddable":true,"href":"https:\/\/digital-social-entrepreneurs.eu\/index.php\/wp-json\/wp\/v2\/users\/1"}],"replies":[{"embeddable":true,"href":"https:\/\/digital-social-entrepreneurs.eu\/index.php\/wp-json\/wp\/v2\/comments?post=917"}],"version-history":[{"count":5,"href":"https:\/\/digital-social-entrepreneurs.eu\/index.php\/wp-json\/wp\/v2\/pages\/917\/revisions"}],"predecessor-version":[{"id":923,"href":"https:\/\/digital-social-entrepreneurs.eu\/index.php\/wp-json\/wp\/v2\/pages\/917\/revisions\/923"}],"wp:attachment":[{"href":"https:\/\/digital-social-entrepreneurs.eu\/index.php\/wp-json\/wp\/v2\/media?parent=917"}],"curies":[{"name":"wp","href":"https:\/\/api.w.org\/{rel}","templated":true}]}}